{"id":3269,"date":"2024-10-07T07:55:36","date_gmt":"2024-10-07T07:55:36","guid":{"rendered":"https:\/\/proturcars.com\/CARS\/registrate\/"},"modified":"2024-12-19T14:26:21","modified_gmt":"2024-12-19T14:26:21","slug":"registrierung","status":"publish","type":"page","link":"https:\/\/proturcars.com\/de\/registrierung\/","title":{"rendered":"Registrierung"},"content":{"rendered":"\t\t<div data-elementor-type=\"wp-page\" data-elementor-id=\"3269\" class=\"elementor elementor-3269 elementor-524\" data-elementor-post-type=\"page\">\n\t\t\t\t\t\t<section class=\"elementor-section elementor-top-section elementor-element elementor-element-c88c0bc elementor-section-full_width elementor-section-height-default elementor-section-height-default\" data-id=\"c88c0bc\" data-element_type=\"section\" data-e-type=\"section\">\n\t\t\t\t\t\t<div class=\"elementor-container elementor-column-gap-narrow\">\n\t\t\t\t\t<div class=\"elementor-column elementor-col-100 elementor-top-column elementor-element elementor-element-73d887e\" data-id=\"73d887e\" data-element_type=\"column\" data-e-type=\"column\">\n\t\t\t<div class=\"elementor-widget-wrap elementor-element-populated\">\n\t\t\t\t\t\t<div class=\"elementor-element elementor-element-673dbe3 elementor-widget elementor-widget-spacer\" data-id=\"673dbe3\" data-element_type=\"widget\" data-e-type=\"widget\" data-widget_type=\"spacer.default\">\n\t\t\t\t<div class=\"elementor-widget-container\">\n\t\t\t\t\t\t\t<div class=\"elementor-spacer\">\n\t\t\t<div class=\"elementor-spacer-inner\"><\/div>\n\t\t<\/div>\n\t\t\t\t\t\t<\/div>\n\t\t\t\t<\/div>\n\t\t\t\t<div class=\"elementor-element elementor-element-f6c9089 elementor-widget elementor-widget-heading\" data-id=\"f6c9089\" data-element_type=\"widget\" data-e-type=\"widget\" data-widget_type=\"heading.default\">\n\t\t\t\t<div class=\"elementor-widget-container\">\n\t\t\t\t\t<h1 class=\"elementor-heading-title elementor-size-default\">Registrieren Sie sich bei Protur Cars - Mietwagen auf Mallorca<\/h1>\t\t\t\t<\/div>\n\t\t\t\t<\/div>\n\t\t\t\t<div class=\"elementor-element elementor-element-2271714 elementor-widget elementor-widget-text-editor\" data-id=\"2271714\" data-element_type=\"widget\" data-e-type=\"widget\" data-widget_type=\"text-editor.default\">\n\t\t\t\t<div class=\"elementor-widget-container\">\n\t\t\t\t\t\t\t\t\t<p><strong>Erstellen Sie Ihr Konto, um ein Auto bei Protur Cars zu mieten. Registrieren Sie sich, um den Mietwagenprozess auf Mallorca schnell und einfach abzuschlie\u00dfen. Mit Ihrem Konto k\u00f6nnen Sie Ihre Buchungsdetails einsehen, Zahlungen vornehmen und von zuk\u00fcnftigen Aktionen und exklusiven Rabatten profitieren.<\/strong><\/p>\t\t\t\t\t\t\t\t<\/div>\n\t\t\t\t<\/div>\n\t\t\t\t\t<\/div>\n\t\t<\/div>\n\t\t\t\t\t<\/div>\n\t\t<\/section>\n\t\t\t\t<section class=\"elementor-section elementor-top-section elementor-element elementor-element-2c095bc elementor-section-full_width elementor-section-height-default elementor-section-height-default\" data-id=\"2c095bc\" data-element_type=\"section\" data-e-type=\"section\">\n\t\t\t\t\t\t<div class=\"elementor-container elementor-column-gap-no\">\n\t\t\t\t\t<div class=\"elementor-column elementor-col-100 elementor-top-column elementor-element elementor-element-9175daa\" data-id=\"9175daa\" data-element_type=\"column\" data-e-type=\"column\">\n\t\t\t<div class=\"elementor-widget-wrap elementor-element-populated\">\n\t\t\t\t\t\t<div class=\"elementor-element elementor-element-1835f74 elementor-widget elementor-widget-shortcode\" data-id=\"1835f74\" data-element_type=\"widget\" data-e-type=\"widget\" data-widget_type=\"shortcode.default\">\n\t\t\t\t<div class=\"elementor-widget-container\">\n\t\t\t\t\t\t\t<div class=\"elementor-shortcode\">    <ul class=\"renthub_error_list\">\n                    <li>\n                Registrierungsseite erforderlich\n            <\/li>\n            <\/ul>\n<\/div>\n\t\t\t\t\t\t<\/div>\n\t\t\t\t<\/div>\n\t\t\t\t\t<\/div>\n\t\t<\/div>\n\t\t\t\t\t<\/div>\n\t\t<\/section>\n\t\t\t\t<section class=\"elementor-section elementor-top-section elementor-element elementor-element-dd171d0 elementor-section-boxed elementor-section-height-default elementor-section-height-default\" data-id=\"dd171d0\" data-element_type=\"section\" data-e-type=\"section\">\n\t\t\t\t\t\t<div class=\"elementor-container elementor-column-gap-default\">\n\t\t\t\t\t<div class=\"elementor-column elementor-col-100 elementor-top-column elementor-element elementor-element-bdc8164\" data-id=\"bdc8164\" data-element_type=\"column\" data-e-type=\"column\">\n\t\t\t<div class=\"elementor-widget-wrap elementor-element-populated\">\n\t\t\t\t\t\t<div class=\"elementor-element elementor-element-3ae6f8b elementor-widget elementor-widget-spacer\" data-id=\"3ae6f8b\" data-element_type=\"widget\" data-e-type=\"widget\" data-widget_type=\"spacer.default\">\n\t\t\t\t<div class=\"elementor-widget-container\">\n\t\t\t\t\t\t\t<div class=\"elementor-spacer\">\n\t\t\t<div class=\"elementor-spacer-inner\"><\/div>\n\t\t<\/div>\n\t\t\t\t\t\t<\/div>\n\t\t\t\t<\/div>\n\t\t\t\t\t<\/div>\n\t\t<\/div>\n\t\t\t\t\t<\/div>\n\t\t<\/section>\n\t\t\t\t<section class=\"elementor-section elementor-top-section elementor-element elementor-element-6a654f0 elementor-section-full_width elementor-section-height-default elementor-section-height-default\" data-id=\"6a654f0\" data-element_type=\"section\" data-e-type=\"section\">\n\t\t\t\t\t\t<div class=\"elementor-container elementor-column-gap-narrow\">\n\t\t\t\t\t<div class=\"elementor-column elementor-col-100 elementor-top-column elementor-element elementor-element-2195c73\" data-id=\"2195c73\" data-element_type=\"column\" data-e-type=\"column\">\n\t\t\t<div class=\"elementor-widget-wrap elementor-element-populated\">\n\t\t\t\t\t\t<div class=\"elementor-element elementor-element-f471337 elementor-widget elementor-widget-text-editor\" data-id=\"f471337\" data-element_type=\"widget\" data-e-type=\"widget\" data-widget_type=\"text-editor.default\">\n\t\t\t\t<div class=\"elementor-widget-container\">\n\t\t\t\t\t\t\t\t\t<p><strong>Vorteile der Registrierung bei Protur Cars<\/strong><br \/>Die Registrierung bei Protur Cars erm\u00f6glicht es dir nicht nur, deine Buchungen einfach zu verwalten, sondern bietet auch zahlreiche Vorteile, die dein Mieterlebnis verbessern. Als registriertes Mitglied kannst du deine pers\u00f6nlichen Daten und Mietpr\u00e4ferenzen speichern, was den Buchungsprozess f\u00fcr zuk\u00fcnftige Mietwagen vereinfacht. Zudem erh\u00e4ltst du Zugriff auf eine vollst\u00e4ndige Historie deiner bisherigen Mieten, wodurch du deine Reisen verfolgen und personalisierte Empfehlungen basierend auf deinen Vorlieben erhalten kannst.<\/p><p><strong>Exklusive Angebote<\/strong><br \/>Mit der Erstellung deines Kontos wirst du in die Liste aufgenommen, um Benachrichtigungen \u00fcber Sonderaktionen und exklusive Rabatte zu erhalten, die wir regelm\u00e4\u00dfig anbieten. So kannst du von den besten Angeboten f\u00fcr deinen Mietwagen profitieren und ihn kosteng\u00fcnstiger und bequemer mieten.<\/p><p><strong>Schnelle und einfache Buchung<\/strong><br \/>Mit deinem Protur Cars-Konto kannst du in wenigen Minuten eine Buchung vornehmen. Melde dich einfach an und w\u00e4hle das Auto, das deinen Bed\u00fcrfnissen entspricht. Dank unserer sicheren Plattform kannst du Zahlungen schnell und einfach vornehmen, ohne dir Sorgen machen zu m\u00fcssen. All dies f\u00fchrt zu einer reibungsloseren, stressfreien Erfahrung, sodass du mehr Zeit hast, die Wunder Mallorcas zu genie\u00dfen.<\/p><p><strong>Registriere dich jetzt und beginne mit der Planung deiner n\u00e4chsten Reise nach Mallorca mit Protur Cars!<\/strong><\/p>\t\t\t\t\t\t\t\t<\/div>\n\t\t\t\t<\/div>\n\t\t\t\t\t<\/div>\n\t\t<\/div>\n\t\t\t\t\t<\/div>\n\t\t<\/section>\n\t\t\t\t<section class=\"elementor-section elementor-top-section elementor-element elementor-element-0ff56e5 elementor-section-boxed elementor-section-height-default elementor-section-height-default\" data-id=\"0ff56e5\" data-element_type=\"section\" data-e-type=\"section\">\n\t\t\t\t\t\t<div class=\"elementor-container elementor-column-gap-default\">\n\t\t\t\t\t<div class=\"elementor-column elementor-col-100 elementor-top-column elementor-element elementor-element-9191749\" data-id=\"9191749\" data-element_type=\"column\" data-e-type=\"column\">\n\t\t\t<div class=\"elementor-widget-wrap elementor-element-populated\">\n\t\t\t\t\t\t<div class=\"elementor-element elementor-element-80e5f63 elementor-widget elementor-widget-spacer\" data-id=\"80e5f63\" data-element_type=\"widget\" data-e-type=\"widget\" data-widget_type=\"spacer.default\">\n\t\t\t\t<div class=\"elementor-widget-container\">\n\t\t\t\t\t\t\t<div class=\"elementor-spacer\">\n\t\t\t<div class=\"elementor-spacer-inner\"><\/div>\n\t\t<\/div>\n\t\t\t\t\t\t<\/div>\n\t\t\t\t<\/div>\n\t\t\t\t\t<\/div>\n\t\t<\/div>\n\t\t\t\t\t<\/div>\n\t\t<\/section>\n\t\t\t\t<\/div>\n\t\t","protected":false},"excerpt":{"rendered":"<p>Registrieren Sie sich bei Protur Cars &#8211; Mietwagen auf Mallorca Erstellen Sie Ihr Konto, um ein Auto bei Protur Cars zu mieten. Registrieren Sie sich, um den Mietwagenprozess auf Mallorca schnell und einfach abzuschlie\u00dfen. Mit Ihrem Konto k\u00f6nnen Sie Ihre Buchungsdetails einsehen, Zahlungen vornehmen und von zuk\u00fcnftigen Aktionen und exklusiven Rabatten profitieren. Vorteile der Registrierung [&hellip;]<\/p>\n","protected":false},"author":1,"featured_media":3825,"parent":0,"menu_order":0,"comment_status":"closed","ping_status":"closed","template":"","meta":{"footnotes":""},"class_list":["post-3269","page","type-page","status-publish","has-post-thumbnail","hentry"],"yoast_head":"<!-- This site is optimized with the Yoast SEO plugin v27.4 - https:\/\/yoast.com\/product\/yoast-seo-wordpress\/ -->\n<title>Registrierung | Protur Cars<\/title>\n<meta name=\"description\" content=\"Registrieren Sie sich bei Protur Cars, um Ihren Mietwagen auf Mallorca zu verwalten. Greifen Sie auf Ihre Buchungen, Details und exklusive...\" \/>\n<meta name=\"robots\" content=\"index, follow, max-snippet:-1, max-image-preview:large, max-video-preview:-1\" \/>\n<link rel=\"canonical\" href=\"https:\/\/proturcars.com\/de\/registrierung\/\" \/>\n<meta property=\"og:locale\" content=\"de_DE\" \/>\n<meta property=\"og:type\" content=\"article\" \/>\n<meta property=\"og:title\" content=\"Registrierung | Protur Cars\" \/>\n<meta property=\"og:description\" content=\"Registrieren Sie sich bei Protur Cars, um Ihren Mietwagen auf Mallorca zu verwalten. Greifen Sie auf Ihre Buchungen, Details und exklusive...\" \/>\n<meta property=\"og:url\" content=\"https:\/\/proturcars.com\/de\/registrierung\/\" \/>\n<meta property=\"og:site_name\" content=\"Alquiler de Coches en Cala Millor, Sa Coma y Cala Bona\" \/>\n<meta property=\"article:modified_time\" content=\"2024-12-19T14:26:21+00:00\" \/>\n<meta property=\"og:image\" content=\"https:\/\/proturcars.com\/wp-content\/uploads\/2024\/11\/registrate-en-protur-cars-alquiler-de-coches-en-mallorca.jpg\" \/>\n\t<meta property=\"og:image:width\" content=\"1380\" \/>\n\t<meta property=\"og:image:height\" content=\"920\" \/>\n\t<meta property=\"og:image:type\" content=\"image\/jpeg\" \/>\n<meta name=\"twitter:card\" content=\"summary_large_image\" \/>\n<meta name=\"twitter:label1\" content=\"Gesch\u00e4tzte Lesezeit\" \/>\n\t<meta name=\"twitter:data1\" content=\"2\u00a0Minuten\" \/>\n<script type=\"application\/ld+json\" class=\"yoast-schema-graph\">{\"@context\":\"https:\\\/\\\/schema.org\",\"@graph\":[{\"@type\":\"WebPage\",\"@id\":\"https:\\\/\\\/proturcars.com\\\/de\\\/registrierung\\\/\",\"url\":\"https:\\\/\\\/proturcars.com\\\/de\\\/registrierung\\\/\",\"name\":\"Registrierung | Protur Cars\",\"isPartOf\":{\"@id\":\"https:\\\/\\\/proturcars.com\\\/de\\\/#website\"},\"primaryImageOfPage\":{\"@id\":\"https:\\\/\\\/proturcars.com\\\/de\\\/registrierung\\\/#primaryimage\"},\"image\":{\"@id\":\"https:\\\/\\\/proturcars.com\\\/de\\\/registrierung\\\/#primaryimage\"},\"thumbnailUrl\":\"https:\\\/\\\/proturcars.com\\\/wp-content\\\/uploads\\\/2024\\\/11\\\/registrate-en-protur-cars-alquiler-de-coches-en-mallorca.jpg\",\"datePublished\":\"2024-10-07T07:55:36+00:00\",\"dateModified\":\"2024-12-19T14:26:21+00:00\",\"description\":\"Registrieren Sie sich bei Protur Cars, um Ihren Mietwagen auf Mallorca zu verwalten. Greifen Sie auf Ihre Buchungen, Details und exklusive...\",\"breadcrumb\":{\"@id\":\"https:\\\/\\\/proturcars.com\\\/de\\\/registrierung\\\/#breadcrumb\"},\"inLanguage\":\"de\",\"potentialAction\":[{\"@type\":\"ReadAction\",\"target\":[\"https:\\\/\\\/proturcars.com\\\/de\\\/registrierung\\\/\"]}]},{\"@type\":\"ImageObject\",\"inLanguage\":\"de\",\"@id\":\"https:\\\/\\\/proturcars.com\\\/de\\\/registrierung\\\/#primaryimage\",\"url\":\"https:\\\/\\\/proturcars.com\\\/wp-content\\\/uploads\\\/2024\\\/11\\\/registrate-en-protur-cars-alquiler-de-coches-en-mallorca.jpg\",\"contentUrl\":\"https:\\\/\\\/proturcars.com\\\/wp-content\\\/uploads\\\/2024\\\/11\\\/registrate-en-protur-cars-alquiler-de-coches-en-mallorca.jpg\",\"width\":1380,\"height\":920,\"caption\":\"Registro en Protur Cars - Alquiler de coches en Mallorca\"},{\"@type\":\"BreadcrumbList\",\"@id\":\"https:\\\/\\\/proturcars.com\\\/de\\\/registrierung\\\/#breadcrumb\",\"itemListElement\":[{\"@type\":\"ListItem\",\"position\":1,\"name\":\"Portada\",\"item\":\"https:\\\/\\\/proturcars.com\\\/de\\\/\"},{\"@type\":\"ListItem\",\"position\":2,\"name\":\"Registrierung\"}]},{\"@type\":\"WebSite\",\"@id\":\"https:\\\/\\\/proturcars.com\\\/de\\\/#website\",\"url\":\"https:\\\/\\\/proturcars.com\\\/de\\\/\",\"name\":\"Alquiler de Coches en Cala Millor, Sa Coma y Cala Bona\",\"description\":\"Alquila coches en Cala Millor, Sa Coma, Cala Bona y S'Illot. Seguro sin franquicia, asistencia 24\\\/7 y kil&oacute;metros ilimitados\",\"publisher\":{\"@id\":\"https:\\\/\\\/proturcars.com\\\/de\\\/#organization\"},\"alternateName\":\"Alquiler de Coches en Cala Millor, Sa Coma y Cala Bona\",\"potentialAction\":[{\"@type\":\"SearchAction\",\"target\":{\"@type\":\"EntryPoint\",\"urlTemplate\":\"https:\\\/\\\/proturcars.com\\\/de\\\/?s={search_term_string}\"},\"query-input\":{\"@type\":\"PropertyValueSpecification\",\"valueRequired\":true,\"valueName\":\"search_term_string\"}}],\"inLanguage\":\"de\"},{\"@type\":\"Organization\",\"@id\":\"https:\\\/\\\/proturcars.com\\\/de\\\/#organization\",\"name\":\"Protur Cars alquiler de coches en Cala Millor, Sa Coma y Cala Bona\",\"alternateName\":\"Protur Cars alquiler de coches\",\"url\":\"https:\\\/\\\/proturcars.com\\\/de\\\/\",\"logo\":{\"@type\":\"ImageObject\",\"inLanguage\":\"de\",\"@id\":\"https:\\\/\\\/proturcars.com\\\/de\\\/#\\\/schema\\\/logo\\\/image\\\/\",\"url\":\"https:\\\/\\\/proturcars.com\\\/wp-content\\\/uploads\\\/2024\\\/10\\\/cropped-proturcars-logo.webp\",\"contentUrl\":\"https:\\\/\\\/proturcars.com\\\/wp-content\\\/uploads\\\/2024\\\/10\\\/cropped-proturcars-logo.webp\",\"width\":500,\"height\":194,\"caption\":\"Protur Cars alquiler de coches en Cala Millor, Sa Coma y Cala Bona\"},\"image\":{\"@id\":\"https:\\\/\\\/proturcars.com\\\/de\\\/#\\\/schema\\\/logo\\\/image\\\/\"}}]}<\/script>\n<!-- \/ Yoast SEO plugin. -->","yoast_head_json":{"title":"Registrierung | Protur Cars","description":"Registrieren Sie sich bei Protur Cars, um Ihren Mietwagen auf Mallorca zu verwalten. Greifen Sie auf Ihre Buchungen, Details und exklusive...","robots":{"index":"index","follow":"follow","max-snippet":"max-snippet:-1","max-image-preview":"max-image-preview:large","max-video-preview":"max-video-preview:-1"},"canonical":"https:\/\/proturcars.com\/de\/registrierung\/","og_locale":"de_DE","og_type":"article","og_title":"Registrierung | Protur Cars","og_description":"Registrieren Sie sich bei Protur Cars, um Ihren Mietwagen auf Mallorca zu verwalten. Greifen Sie auf Ihre Buchungen, Details und exklusive...","og_url":"https:\/\/proturcars.com\/de\/registrierung\/","og_site_name":"Alquiler de Coches en Cala Millor, Sa Coma y Cala Bona","article_modified_time":"2024-12-19T14:26:21+00:00","og_image":[{"width":1380,"height":920,"url":"https:\/\/proturcars.com\/wp-content\/uploads\/2024\/11\/registrate-en-protur-cars-alquiler-de-coches-en-mallorca.jpg","type":"image\/jpeg"}],"twitter_card":"summary_large_image","twitter_misc":{"Gesch\u00e4tzte Lesezeit":"2\u00a0Minuten"},"schema":{"@context":"https:\/\/schema.org","@graph":[{"@type":"WebPage","@id":"https:\/\/proturcars.com\/de\/registrierung\/","url":"https:\/\/proturcars.com\/de\/registrierung\/","name":"Registrierung | Protur Cars","isPartOf":{"@id":"https:\/\/proturcars.com\/de\/#website"},"primaryImageOfPage":{"@id":"https:\/\/proturcars.com\/de\/registrierung\/#primaryimage"},"image":{"@id":"https:\/\/proturcars.com\/de\/registrierung\/#primaryimage"},"thumbnailUrl":"https:\/\/proturcars.com\/wp-content\/uploads\/2024\/11\/registrate-en-protur-cars-alquiler-de-coches-en-mallorca.jpg","datePublished":"2024-10-07T07:55:36+00:00","dateModified":"2024-12-19T14:26:21+00:00","description":"Registrieren Sie sich bei Protur Cars, um Ihren Mietwagen auf Mallorca zu verwalten. Greifen Sie auf Ihre Buchungen, Details und exklusive...","breadcrumb":{"@id":"https:\/\/proturcars.com\/de\/registrierung\/#breadcrumb"},"inLanguage":"de","potentialAction":[{"@type":"ReadAction","target":["https:\/\/proturcars.com\/de\/registrierung\/"]}]},{"@type":"ImageObject","inLanguage":"de","@id":"https:\/\/proturcars.com\/de\/registrierung\/#primaryimage","url":"https:\/\/proturcars.com\/wp-content\/uploads\/2024\/11\/registrate-en-protur-cars-alquiler-de-coches-en-mallorca.jpg","contentUrl":"https:\/\/proturcars.com\/wp-content\/uploads\/2024\/11\/registrate-en-protur-cars-alquiler-de-coches-en-mallorca.jpg","width":1380,"height":920,"caption":"Registro en Protur Cars - Alquiler de coches en Mallorca"},{"@type":"BreadcrumbList","@id":"https:\/\/proturcars.com\/de\/registrierung\/#breadcrumb","itemListElement":[{"@type":"ListItem","position":1,"name":"Portada","item":"https:\/\/proturcars.com\/de\/"},{"@type":"ListItem","position":2,"name":"Registrierung"}]},{"@type":"WebSite","@id":"https:\/\/proturcars.com\/de\/#website","url":"https:\/\/proturcars.com\/de\/","name":"Alquiler de Coches en Cala Millor, Sa Coma y Cala Bona","description":"Alquila coches en Cala Millor, Sa Coma, Cala Bona y S'Illot. Seguro sin franquicia, asistencia 24\/7 y kil&oacute;metros ilimitados","publisher":{"@id":"https:\/\/proturcars.com\/de\/#organization"},"alternateName":"Alquiler de Coches en Cala Millor, Sa Coma y Cala Bona","potentialAction":[{"@type":"SearchAction","target":{"@type":"EntryPoint","urlTemplate":"https:\/\/proturcars.com\/de\/?s={search_term_string}"},"query-input":{"@type":"PropertyValueSpecification","valueRequired":true,"valueName":"search_term_string"}}],"inLanguage":"de"},{"@type":"Organization","@id":"https:\/\/proturcars.com\/de\/#organization","name":"Protur Cars alquiler de coches en Cala Millor, Sa Coma y Cala Bona","alternateName":"Protur Cars alquiler de coches","url":"https:\/\/proturcars.com\/de\/","logo":{"@type":"ImageObject","inLanguage":"de","@id":"https:\/\/proturcars.com\/de\/#\/schema\/logo\/image\/","url":"https:\/\/proturcars.com\/wp-content\/uploads\/2024\/10\/cropped-proturcars-logo.webp","contentUrl":"https:\/\/proturcars.com\/wp-content\/uploads\/2024\/10\/cropped-proturcars-logo.webp","width":500,"height":194,"caption":"Protur Cars alquiler de coches en Cala Millor, Sa Coma y Cala Bona"},"image":{"@id":"https:\/\/proturcars.com\/de\/#\/schema\/logo\/image\/"}}]}},"_links":{"self":[{"href":"https:\/\/proturcars.com\/de\/wp-json\/wp\/v2\/pages\/3269","targetHints":{"allow":["GET"]}}],"collection":[{"href":"https:\/\/proturcars.com\/de\/wp-json\/wp\/v2\/pages"}],"about":[{"href":"https:\/\/proturcars.com\/de\/wp-json\/wp\/v2\/types\/page"}],"author":[{"embeddable":true,"href":"https:\/\/proturcars.com\/de\/wp-json\/wp\/v2\/users\/1"}],"replies":[{"embeddable":true,"href":"https:\/\/proturcars.com\/de\/wp-json\/wp\/v2\/comments?post=3269"}],"version-history":[{"count":0,"href":"https:\/\/proturcars.com\/de\/wp-json\/wp\/v2\/pages\/3269\/revisions"}],"wp:featuredmedia":[{"embeddable":true,"href":"https:\/\/proturcars.com\/de\/wp-json\/wp\/v2\/media\/3825"}],"wp:attachment":[{"href":"https:\/\/proturcars.com\/de\/wp-json\/wp\/v2\/media?parent=3269"}],"curies":[{"name":"wp","href":"https:\/\/api.w.org\/{rel}","templated":true}]}}