{"id":3280,"date":"2024-10-07T07:55:36","date_gmt":"2024-10-07T07:55:36","guid":{"rendered":"https:\/\/proturcars.com\/CARS\/restablecer-contrasena\/"},"modified":"2024-12-19T16:34:29","modified_gmt":"2024-12-19T16:34:29","slug":"passwort-zuruecksetzen","status":"publish","type":"page","link":"https:\/\/proturcars.com\/de\/passwort-zuruecksetzen\/","title":{"rendered":"Passwort zur\u00fccksetzen"},"content":{"rendered":"\t\t<div data-elementor-type=\"wp-page\" data-elementor-id=\"3280\" class=\"elementor elementor-3280 elementor-525\" data-elementor-post-type=\"page\">\n\t\t\t\t\t\t<section class=\"elementor-section elementor-top-section elementor-element elementor-element-867aa0d elementor-section-full_width elementor-section-height-default elementor-section-height-default\" data-id=\"867aa0d\" data-element_type=\"section\" data-e-type=\"section\">\n\t\t\t\t\t\t<div class=\"elementor-container elementor-column-gap-no\">\n\t\t\t\t\t<div class=\"elementor-column elementor-col-100 elementor-top-column elementor-element elementor-element-4f99633\" data-id=\"4f99633\" data-element_type=\"column\" data-e-type=\"column\">\n\t\t\t<div class=\"elementor-widget-wrap\">\n\t\t\t\t\t\t\t<\/div>\n\t\t<\/div>\n\t\t\t\t\t<\/div>\n\t\t<\/section>\n\t\t\t\t<section class=\"elementor-section elementor-top-section elementor-element elementor-element-132ff83 elementor-section-full_width elementor-section-height-default elementor-section-height-default\" data-id=\"132ff83\" data-element_type=\"section\" data-e-type=\"section\">\n\t\t\t\t\t\t<div class=\"elementor-container elementor-column-gap-narrow\">\n\t\t\t\t\t<div class=\"elementor-column elementor-col-100 elementor-top-column elementor-element elementor-element-bab55c5\" data-id=\"bab55c5\" data-element_type=\"column\" data-e-type=\"column\">\n\t\t\t<div class=\"elementor-widget-wrap elementor-element-populated\">\n\t\t\t\t\t\t<div class=\"elementor-element elementor-element-4f8073c elementor-widget elementor-widget-spacer\" data-id=\"4f8073c\" data-element_type=\"widget\" data-e-type=\"widget\" data-widget_type=\"spacer.default\">\n\t\t\t\t<div class=\"elementor-widget-container\">\n\t\t\t\t\t\t\t<div class=\"elementor-spacer\">\n\t\t\t<div class=\"elementor-spacer-inner\"><\/div>\n\t\t<\/div>\n\t\t\t\t\t\t<\/div>\n\t\t\t\t<\/div>\n\t\t\t\t<div class=\"elementor-element elementor-element-917358c elementor-widget elementor-widget-heading\" data-id=\"917358c\" data-element_type=\"widget\" data-e-type=\"widget\" data-widget_type=\"heading.default\">\n\t\t\t\t<div class=\"elementor-widget-container\">\n\t\t\t\t\t<h2 class=\"elementor-heading-title elementor-size-default\">Setzen Sie Ihr Passwort einfach und sicher zur\u00fcck.<\/h2>\t\t\t\t<\/div>\n\t\t\t\t<\/div>\n\t\t\t\t<div class=\"elementor-element elementor-element-196af78 elementor-widget elementor-widget-text-editor\" data-id=\"196af78\" data-element_type=\"widget\" data-e-type=\"widget\" data-widget_type=\"text-editor.default\">\n\t\t\t\t<div class=\"elementor-widget-container\">\n\t\t\t\t\t\t\t\t\t<p>Geben Sie ein neues Passwort in die angegebenen Felder ein und klicken Sie auf \u201ePasswort zur\u00fccksetzen\u201c, um den Vorgang abzuschlie\u00dfen. Achten Sie darauf, eine einzigartige Kombination aus Buchstaben, Zahlen und Symbolen zu w\u00e4hlen, um Ihr Konto zu sch\u00fctzen. Nach dem Zur\u00fccksetzen k\u00f6nnen Sie Ihre Buchungen wieder verwalten und alle Vorteile von Protur Cars ohne Probleme nutzen.<\/p>\t\t\t\t\t\t\t\t<\/div>\n\t\t\t\t<\/div>\n\t\t\t\t\t<\/div>\n\t\t<\/div>\n\t\t\t\t\t<\/div>\n\t\t<\/section>\n\t\t\t\t<section class=\"elementor-section elementor-top-section elementor-element elementor-element-319de7b elementor-section-full_width elementor-section-height-default elementor-section-height-default\" data-id=\"319de7b\" data-element_type=\"section\" data-e-type=\"section\">\n\t\t\t\t\t\t<div class=\"elementor-container elementor-column-gap-narrow\">\n\t\t\t\t\t<div class=\"elementor-column elementor-col-100 elementor-top-column elementor-element elementor-element-8cff069\" data-id=\"8cff069\" data-element_type=\"column\" data-e-type=\"column\">\n\t\t\t<div class=\"elementor-widget-wrap elementor-element-populated\">\n\t\t\t\t\t\t<div class=\"elementor-element elementor-element-884e146 elementor-widget elementor-widget-html\" data-id=\"884e146\" data-element_type=\"widget\" data-e-type=\"widget\" data-widget_type=\"html.default\">\n\t\t\t\t<div class=\"elementor-widget-container\">\n\t\t\t\t\t    <ul class=\"renthub_error_list\">\n                    <li>\n                Reset-Seite erforderlich\n            <\/li>\n                    <li>\n                Ung\u00fcltiger Reset-Code\n            <\/li>\n            <\/ul>\n\t\t\t\t<\/div>\n\t\t\t\t<\/div>\n\t\t\t\t\t<\/div>\n\t\t<\/div>\n\t\t\t\t\t<\/div>\n\t\t<\/section>\n\t\t\t\t<section class=\"elementor-section elementor-top-section elementor-element elementor-element-b0c1ae3 elementor-section-full_width elementor-section-height-default elementor-section-height-default\" data-id=\"b0c1ae3\" data-element_type=\"section\" data-e-type=\"section\">\n\t\t\t\t\t\t<div class=\"elementor-container elementor-column-gap-no\">\n\t\t\t\t\t<div class=\"elementor-column elementor-col-100 elementor-top-column elementor-element elementor-element-a70df46\" data-id=\"a70df46\" data-element_type=\"column\" data-e-type=\"column\">\n\t\t\t<div class=\"elementor-widget-wrap elementor-element-populated\">\n\t\t\t\t\t\t<div class=\"elementor-element elementor-element-85a9772 elementor-widget elementor-widget-spacer\" data-id=\"85a9772\" data-element_type=\"widget\" data-e-type=\"widget\" data-widget_type=\"spacer.default\">\n\t\t\t\t<div class=\"elementor-widget-container\">\n\t\t\t\t\t\t\t<div class=\"elementor-spacer\">\n\t\t\t<div class=\"elementor-spacer-inner\"><\/div>\n\t\t<\/div>\n\t\t\t\t\t\t<\/div>\n\t\t\t\t<\/div>\n\t\t\t\t\t<\/div>\n\t\t<\/div>\n\t\t\t\t\t<\/div>\n\t\t<\/section>\n\t\t\t\t<section class=\"elementor-section elementor-top-section elementor-element elementor-element-1f4ee95 elementor-section-boxed elementor-section-height-default elementor-section-height-default\" data-id=\"1f4ee95\" data-element_type=\"section\" data-e-type=\"section\">\n\t\t\t\t\t\t<div class=\"elementor-container elementor-column-gap-default\">\n\t\t\t\t\t<div class=\"elementor-column elementor-col-100 elementor-top-column elementor-element elementor-element-c566f3d\" data-id=\"c566f3d\" data-element_type=\"column\" data-e-type=\"column\">\n\t\t\t<div class=\"elementor-widget-wrap\">\n\t\t\t\t\t\t\t<\/div>\n\t\t<\/div>\n\t\t\t\t\t<\/div>\n\t\t<\/section>\n\t\t\t\t<section class=\"elementor-section elementor-top-section elementor-element elementor-element-7e2105a elementor-section-boxed elementor-section-height-default elementor-section-height-default\" data-id=\"7e2105a\" data-element_type=\"section\" data-e-type=\"section\">\n\t\t\t\t\t\t<div class=\"elementor-container elementor-column-gap-default\">\n\t\t\t\t\t<div class=\"elementor-column elementor-col-100 elementor-top-column elementor-element elementor-element-32372a4\" data-id=\"32372a4\" data-element_type=\"column\" data-e-type=\"column\">\n\t\t\t<div class=\"elementor-widget-wrap elementor-element-populated\">\n\t\t\t\t\t\t<div class=\"elementor-element elementor-element-22abd2d elementor-widget elementor-widget-spacer\" data-id=\"22abd2d\" data-element_type=\"widget\" data-e-type=\"widget\" data-widget_type=\"spacer.default\">\n\t\t\t\t<div class=\"elementor-widget-container\">\n\t\t\t\t\t\t\t<div class=\"elementor-spacer\">\n\t\t\t<div class=\"elementor-spacer-inner\"><\/div>\n\t\t<\/div>\n\t\t\t\t\t\t<\/div>\n\t\t\t\t<\/div>\n\t\t\t\t\t<\/div>\n\t\t<\/div>\n\t\t\t\t\t<\/div>\n\t\t<\/section>\n\t\t\t\t<\/div>\n\t\t","protected":false},"excerpt":{"rendered":"<p>Setzen Sie Ihr Passwort einfach und sicher zur\u00fcck. Geben Sie ein neues Passwort in die angegebenen Felder ein und klicken Sie auf \u201ePasswort zur\u00fccksetzen\u201c, um den Vorgang abzuschlie\u00dfen. Achten Sie darauf, eine einzigartige Kombination aus Buchstaben, Zahlen und Symbolen zu w\u00e4hlen, um Ihr Konto zu sch\u00fctzen. Nach dem Zur\u00fccksetzen k\u00f6nnen Sie Ihre Buchungen wieder verwalten [&hellip;]<\/p>\n","protected":false},"author":1,"featured_media":0,"parent":0,"menu_order":0,"comment_status":"closed","ping_status":"closed","template":"","meta":{"footnotes":""},"class_list":["post-3280","page","type-page","status-publish","hentry"],"yoast_head":"<!-- This site is optimized with the Yoast SEO plugin v27.4 - https:\/\/yoast.com\/product\/yoast-seo-wordpress\/ -->\n<title>Passwort zur\u00fccksetzen | Protur Cars Mietwagen<\/title>\n<meta name=\"description\" content=\"Passwort vergessen? Setzen Sie Ihr Passwort schnell und sicher zur\u00fcck. Geben Sie Ihre E-Mail ein und greifen Sie auf Ihr Konto zu.\" \/>\n<meta name=\"robots\" content=\"index, follow, max-snippet:-1, max-image-preview:large, max-video-preview:-1\" \/>\n<link rel=\"canonical\" href=\"https:\/\/proturcars.com\/de\/passwort-zuruecksetzen\/\" \/>\n<meta property=\"og:locale\" content=\"de_DE\" \/>\n<meta property=\"og:type\" content=\"article\" \/>\n<meta property=\"og:title\" content=\"Passwort zur\u00fccksetzen | Protur Cars Mietwagen\" \/>\n<meta property=\"og:description\" content=\"Passwort vergessen? Setzen Sie Ihr Passwort schnell und sicher zur\u00fcck. Geben Sie Ihre E-Mail ein und greifen Sie auf Ihr Konto zu.\" \/>\n<meta property=\"og:url\" content=\"https:\/\/proturcars.com\/de\/passwort-zuruecksetzen\/\" \/>\n<meta property=\"og:site_name\" content=\"Alquiler de Coches en Cala Millor, Sa Coma y Cala Bona\" \/>\n<meta property=\"article:modified_time\" content=\"2024-12-19T16:34:29+00:00\" \/>\n<meta property=\"og:image\" content=\"https:\/\/proturcars.com\/wp-content\/uploads\/2024\/11\/protur-cars.jpg\" \/>\n\t<meta property=\"og:image:width\" content=\"1200\" \/>\n\t<meta property=\"og:image:height\" content=\"675\" \/>\n\t<meta property=\"og:image:type\" content=\"image\/jpeg\" \/>\n<meta name=\"twitter:card\" content=\"summary_large_image\" \/>\n<meta name=\"twitter:label1\" content=\"Gesch\u00e4tzte Lesezeit\" \/>\n\t<meta name=\"twitter:data1\" content=\"1\u00a0Minute\" \/>\n<script type=\"application\/ld+json\" class=\"yoast-schema-graph\">{\"@context\":\"https:\\\/\\\/schema.org\",\"@graph\":[{\"@type\":\"WebPage\",\"@id\":\"https:\\\/\\\/proturcars.com\\\/de\\\/passwort-zuruecksetzen\\\/\",\"url\":\"https:\\\/\\\/proturcars.com\\\/de\\\/passwort-zuruecksetzen\\\/\",\"name\":\"Passwort zur\u00fccksetzen | Protur Cars Mietwagen\",\"isPartOf\":{\"@id\":\"https:\\\/\\\/proturcars.com\\\/de\\\/#website\"},\"datePublished\":\"2024-10-07T07:55:36+00:00\",\"dateModified\":\"2024-12-19T16:34:29+00:00\",\"description\":\"Passwort vergessen? Setzen Sie Ihr Passwort schnell und sicher zur\u00fcck. Geben Sie Ihre E-Mail ein und greifen Sie auf Ihr Konto zu.\",\"breadcrumb\":{\"@id\":\"https:\\\/\\\/proturcars.com\\\/de\\\/passwort-zuruecksetzen\\\/#breadcrumb\"},\"inLanguage\":\"de\",\"potentialAction\":[{\"@type\":\"ReadAction\",\"target\":[\"https:\\\/\\\/proturcars.com\\\/de\\\/passwort-zuruecksetzen\\\/\"]}]},{\"@type\":\"BreadcrumbList\",\"@id\":\"https:\\\/\\\/proturcars.com\\\/de\\\/passwort-zuruecksetzen\\\/#breadcrumb\",\"itemListElement\":[{\"@type\":\"ListItem\",\"position\":1,\"name\":\"Portada\",\"item\":\"https:\\\/\\\/proturcars.com\\\/de\\\/\"},{\"@type\":\"ListItem\",\"position\":2,\"name\":\"Passwort zur\u00fccksetzen\"}]},{\"@type\":\"WebSite\",\"@id\":\"https:\\\/\\\/proturcars.com\\\/de\\\/#website\",\"url\":\"https:\\\/\\\/proturcars.com\\\/de\\\/\",\"name\":\"Alquiler de Coches en Cala Millor, Sa Coma y Cala Bona\",\"description\":\"Alquila coches en Cala Millor, Sa Coma, Cala Bona y S'Illot. Seguro sin franquicia, asistencia 24\\\/7 y kil&oacute;metros ilimitados\",\"publisher\":{\"@id\":\"https:\\\/\\\/proturcars.com\\\/de\\\/#organization\"},\"alternateName\":\"Alquiler de Coches en Cala Millor, Sa Coma y Cala Bona\",\"potentialAction\":[{\"@type\":\"SearchAction\",\"target\":{\"@type\":\"EntryPoint\",\"urlTemplate\":\"https:\\\/\\\/proturcars.com\\\/de\\\/?s={search_term_string}\"},\"query-input\":{\"@type\":\"PropertyValueSpecification\",\"valueRequired\":true,\"valueName\":\"search_term_string\"}}],\"inLanguage\":\"de\"},{\"@type\":\"Organization\",\"@id\":\"https:\\\/\\\/proturcars.com\\\/de\\\/#organization\",\"name\":\"Protur Cars alquiler de coches en Cala Millor, Sa Coma y Cala Bona\",\"alternateName\":\"Protur Cars alquiler de coches\",\"url\":\"https:\\\/\\\/proturcars.com\\\/de\\\/\",\"logo\":{\"@type\":\"ImageObject\",\"inLanguage\":\"de\",\"@id\":\"https:\\\/\\\/proturcars.com\\\/de\\\/#\\\/schema\\\/logo\\\/image\\\/\",\"url\":\"https:\\\/\\\/proturcars.com\\\/wp-content\\\/uploads\\\/2024\\\/10\\\/cropped-proturcars-logo.webp\",\"contentUrl\":\"https:\\\/\\\/proturcars.com\\\/wp-content\\\/uploads\\\/2024\\\/10\\\/cropped-proturcars-logo.webp\",\"width\":500,\"height\":194,\"caption\":\"Protur Cars alquiler de coches en Cala Millor, Sa Coma y Cala Bona\"},\"image\":{\"@id\":\"https:\\\/\\\/proturcars.com\\\/de\\\/#\\\/schema\\\/logo\\\/image\\\/\"}}]}<\/script>\n<!-- \/ Yoast SEO plugin. -->","yoast_head_json":{"title":"Passwort zur\u00fccksetzen | Protur Cars Mietwagen","description":"Passwort vergessen? Setzen Sie Ihr Passwort schnell und sicher zur\u00fcck. Geben Sie Ihre E-Mail ein und greifen Sie auf Ihr Konto zu.","robots":{"index":"index","follow":"follow","max-snippet":"max-snippet:-1","max-image-preview":"max-image-preview:large","max-video-preview":"max-video-preview:-1"},"canonical":"https:\/\/proturcars.com\/de\/passwort-zuruecksetzen\/","og_locale":"de_DE","og_type":"article","og_title":"Passwort zur\u00fccksetzen | Protur Cars Mietwagen","og_description":"Passwort vergessen? Setzen Sie Ihr Passwort schnell und sicher zur\u00fcck. Geben Sie Ihre E-Mail ein und greifen Sie auf Ihr Konto zu.","og_url":"https:\/\/proturcars.com\/de\/passwort-zuruecksetzen\/","og_site_name":"Alquiler de Coches en Cala Millor, Sa Coma y Cala Bona","article_modified_time":"2024-12-19T16:34:29+00:00","og_image":[{"width":1200,"height":675,"url":"https:\/\/proturcars.com\/wp-content\/uploads\/2024\/11\/protur-cars.jpg","type":"image\/jpeg"}],"twitter_card":"summary_large_image","twitter_misc":{"Gesch\u00e4tzte Lesezeit":"1\u00a0Minute"},"schema":{"@context":"https:\/\/schema.org","@graph":[{"@type":"WebPage","@id":"https:\/\/proturcars.com\/de\/passwort-zuruecksetzen\/","url":"https:\/\/proturcars.com\/de\/passwort-zuruecksetzen\/","name":"Passwort zur\u00fccksetzen | Protur Cars Mietwagen","isPartOf":{"@id":"https:\/\/proturcars.com\/de\/#website"},"datePublished":"2024-10-07T07:55:36+00:00","dateModified":"2024-12-19T16:34:29+00:00","description":"Passwort vergessen? Setzen Sie Ihr Passwort schnell und sicher zur\u00fcck. Geben Sie Ihre E-Mail ein und greifen Sie auf Ihr Konto zu.","breadcrumb":{"@id":"https:\/\/proturcars.com\/de\/passwort-zuruecksetzen\/#breadcrumb"},"inLanguage":"de","potentialAction":[{"@type":"ReadAction","target":["https:\/\/proturcars.com\/de\/passwort-zuruecksetzen\/"]}]},{"@type":"BreadcrumbList","@id":"https:\/\/proturcars.com\/de\/passwort-zuruecksetzen\/#breadcrumb","itemListElement":[{"@type":"ListItem","position":1,"name":"Portada","item":"https:\/\/proturcars.com\/de\/"},{"@type":"ListItem","position":2,"name":"Passwort zur\u00fccksetzen"}]},{"@type":"WebSite","@id":"https:\/\/proturcars.com\/de\/#website","url":"https:\/\/proturcars.com\/de\/","name":"Alquiler de Coches en Cala Millor, Sa Coma y Cala Bona","description":"Alquila coches en Cala Millor, Sa Coma, Cala Bona y S'Illot. Seguro sin franquicia, asistencia 24\/7 y kil&oacute;metros ilimitados","publisher":{"@id":"https:\/\/proturcars.com\/de\/#organization"},"alternateName":"Alquiler de Coches en Cala Millor, Sa Coma y Cala Bona","potentialAction":[{"@type":"SearchAction","target":{"@type":"EntryPoint","urlTemplate":"https:\/\/proturcars.com\/de\/?s={search_term_string}"},"query-input":{"@type":"PropertyValueSpecification","valueRequired":true,"valueName":"search_term_string"}}],"inLanguage":"de"},{"@type":"Organization","@id":"https:\/\/proturcars.com\/de\/#organization","name":"Protur Cars alquiler de coches en Cala Millor, Sa Coma y Cala Bona","alternateName":"Protur Cars alquiler de coches","url":"https:\/\/proturcars.com\/de\/","logo":{"@type":"ImageObject","inLanguage":"de","@id":"https:\/\/proturcars.com\/de\/#\/schema\/logo\/image\/","url":"https:\/\/proturcars.com\/wp-content\/uploads\/2024\/10\/cropped-proturcars-logo.webp","contentUrl":"https:\/\/proturcars.com\/wp-content\/uploads\/2024\/10\/cropped-proturcars-logo.webp","width":500,"height":194,"caption":"Protur Cars alquiler de coches en Cala Millor, Sa Coma y Cala Bona"},"image":{"@id":"https:\/\/proturcars.com\/de\/#\/schema\/logo\/image\/"}}]}},"_links":{"self":[{"href":"https:\/\/proturcars.com\/de\/wp-json\/wp\/v2\/pages\/3280","targetHints":{"allow":["GET"]}}],"collection":[{"href":"https:\/\/proturcars.com\/de\/wp-json\/wp\/v2\/pages"}],"about":[{"href":"https:\/\/proturcars.com\/de\/wp-json\/wp\/v2\/types\/page"}],"author":[{"embeddable":true,"href":"https:\/\/proturcars.com\/de\/wp-json\/wp\/v2\/users\/1"}],"replies":[{"embeddable":true,"href":"https:\/\/proturcars.com\/de\/wp-json\/wp\/v2\/comments?post=3280"}],"version-history":[{"count":0,"href":"https:\/\/proturcars.com\/de\/wp-json\/wp\/v2\/pages\/3280\/revisions"}],"wp:attachment":[{"href":"https:\/\/proturcars.com\/de\/wp-json\/wp\/v2\/media?parent=3280"}],"curies":[{"name":"wp","href":"https:\/\/api.w.org\/{rel}","templated":true}]}}