{"id":3302,"date":"2024-10-07T07:55:36","date_gmt":"2024-10-07T07:55:36","guid":{"rendered":"https:\/\/proturcars.com\/CARS\/confirmacion-de-reserva-paga-en-la-agencia\/"},"modified":"2025-10-07T07:58:48","modified_gmt":"2025-10-07T07:58:48","slug":"booking-confirmation-im-buero","status":"publish","type":"page","link":"https:\/\/proturcars.com\/de\/booking-confirmation-im-buero\/","title":{"rendered":"Buchungsbest\u00e4tigung &#8211; Bezahlen im B\u00fcro"},"content":{"rendered":"\t\t<div data-elementor-type=\"wp-page\" data-elementor-id=\"3302\" class=\"elementor elementor-3302 elementor-520\" data-elementor-post-type=\"page\">\n\t\t\t\t\t\t<section class=\"elementor-section elementor-top-section elementor-element elementor-element-7abedf5 elementor-section-full_width elementor-section-height-default elementor-section-height-default\" data-id=\"7abedf5\" data-element_type=\"section\" data-e-type=\"section\">\n\t\t\t\t\t\t<div class=\"elementor-container elementor-column-gap-no\">\n\t\t\t\t\t<div class=\"elementor-column elementor-col-100 elementor-top-column elementor-element elementor-element-48bb50c\" data-id=\"48bb50c\" data-element_type=\"column\" data-e-type=\"column\">\n\t\t\t<div class=\"elementor-widget-wrap elementor-element-populated\">\n\t\t\t\t\t\t<div class=\"elementor-element elementor-element-9d07895 elementor-widget elementor-widget-spacer\" data-id=\"9d07895\" data-element_type=\"widget\" data-e-type=\"widget\" data-widget_type=\"spacer.default\">\n\t\t\t\t<div class=\"elementor-widget-container\">\n\t\t\t\t\t\t\t<div class=\"elementor-spacer\">\n\t\t\t<div class=\"elementor-spacer-inner\"><\/div>\n\t\t<\/div>\n\t\t\t\t\t\t<\/div>\n\t\t\t\t<\/div>\n\t\t\t\t\t<\/div>\n\t\t<\/div>\n\t\t\t\t\t<\/div>\n\t\t<\/section>\n\t\t\t\t<section class=\"elementor-section elementor-top-section elementor-element elementor-element-b42f143 elementor-section-boxed elementor-section-height-default elementor-section-height-default\" data-id=\"b42f143\" data-element_type=\"section\" data-e-type=\"section\">\n\t\t\t\t\t\t<div class=\"elementor-container elementor-column-gap-default\">\n\t\t\t\t\t<div class=\"elementor-column elementor-col-100 elementor-top-column elementor-element elementor-element-6deff21\" data-id=\"6deff21\" data-element_type=\"column\" data-e-type=\"column\">\n\t\t\t<div class=\"elementor-widget-wrap elementor-element-populated\">\n\t\t\t\t\t\t<div class=\"elementor-element elementor-element-f27c345 elementor-widget elementor-widget-heading\" data-id=\"f27c345\" data-element_type=\"widget\" data-e-type=\"widget\" data-widget_type=\"heading.default\">\n\t\t\t\t<div class=\"elementor-widget-container\">\n\t\t\t\t\t<h2 class=\"elementor-heading-title elementor-size-default\">Zahlung erfolgreich abgeschlossen.<\/h2>\t\t\t\t<\/div>\n\t\t\t\t<\/div>\n\t\t\t\t<div class=\"elementor-element elementor-element-8567b83 elementor-widget elementor-widget-text-editor\" data-id=\"8567b83\" data-element_type=\"widget\" data-e-type=\"widget\" data-widget_type=\"text-editor.default\">\n\t\t\t\t<div class=\"elementor-widget-container\">\n\t\t\t\t\t\t\t\t\t<p>Vielen Dank f\u00fcr Ihre Reservierung bei Protur Cars. Ihre Zahlung wurde erfolgreich bearbeitet, und wir haben eine Best\u00e4tigung Ihrer Buchung an Ihre E-Mail-Adresse gesendet. Sie sollten sie in K\u00fcrze in Ihrem Posteingang erhalten.<\/p><p>Wenn Sie die E-Mail nicht in Ihrem Posteingang finden, empfehlen wir Ihnen, den Ordner \u201eJunk\u201c oder \u201eSpam\u201c zu \u00fcberpr\u00fcfen, da E-Mails manchmal dort landen k\u00f6nnen. Wenn Sie die Best\u00e4tigung immer noch nicht finden k\u00f6nnen, z\u00f6gern Sie bitte nicht, sich an unser Kundenserviceteam zu wenden. Wir helfen Ihnen gerne weiter.<\/p><p>Vielen Dank, dass Sie sich f\u00fcr Protur Cars entschieden haben. Wir hoffen, dass Sie Ihre Erfahrung mit uns genie\u00dfen!<\/p>\t\t\t\t\t\t\t\t<\/div>\n\t\t\t\t<\/div>\n\t\t\t\t\t<\/div>\n\t\t<\/div>\n\t\t\t\t\t<\/div>\n\t\t<\/section>\n\t\t\t\t<section class=\"elementor-section elementor-top-section elementor-element elementor-element-3174d33 elementor-section-full_width elementor-section-height-default elementor-section-height-default\" data-id=\"3174d33\" data-element_type=\"section\" data-e-type=\"section\">\n\t\t\t\t\t\t<div class=\"elementor-container elementor-column-gap-no\">\n\t\t\t\t\t<div class=\"elementor-column elementor-col-100 elementor-top-column elementor-element elementor-element-f676451\" data-id=\"f676451\" data-element_type=\"column\" data-e-type=\"column\">\n\t\t\t<div class=\"elementor-widget-wrap elementor-element-populated\">\n\t\t\t\t\t\t<div class=\"elementor-element elementor-element-d76b562 elementor-widget elementor-widget-spacer\" data-id=\"d76b562\" data-element_type=\"widget\" data-e-type=\"widget\" data-widget_type=\"spacer.default\">\n\t\t\t\t<div class=\"elementor-widget-container\">\n\t\t\t\t\t\t\t<div class=\"elementor-spacer\">\n\t\t\t<div class=\"elementor-spacer-inner\"><\/div>\n\t\t<\/div>\n\t\t\t\t\t\t<\/div>\n\t\t\t\t<\/div>\n\t\t\t\t\t<\/div>\n\t\t<\/div>\n\t\t\t\t\t<\/div>\n\t\t<\/section>\n\t\t\t\t<section class=\"elementor-section elementor-top-section elementor-element elementor-element-1d6721e elementor-section-boxed elementor-section-height-default elementor-section-height-default\" data-id=\"1d6721e\" data-element_type=\"section\" data-e-type=\"section\">\n\t\t\t\t\t\t<div class=\"elementor-container elementor-column-gap-default\">\n\t\t\t\t\t<div class=\"elementor-column elementor-col-100 elementor-top-column elementor-element elementor-element-58835ef\" data-id=\"58835ef\" data-element_type=\"column\" data-e-type=\"column\">\n\t\t\t<div class=\"elementor-widget-wrap elementor-element-populated\">\n\t\t\t\t\t\t<div class=\"elementor-element elementor-element-c56b650 elementor-widget elementor-widget-text-editor\" data-id=\"c56b650\" data-element_type=\"widget\" data-e-type=\"widget\" data-widget_type=\"text-editor.default\">\n\t\t\t\t<div class=\"elementor-widget-container\">\n\t\t\t\t\t\t\t\t\t<div><p><span style=\"font-weight: bolder;\">D\u00e9tails de la r\u00e9servation :<\/span><\/p><ul style=\"background-color: #ffffff;\"><li style=\"font-size: 22px;\">Livraison du v\u00e9hicule : $starting_date<\/li><li style=\"font-size: 22px;\">Lieu de livraison : $place_from<\/li><li style=\"font-size: 22px;\">Retour du v\u00e9hicule : $ending_date<\/li><li style=\"font-size: 22px;\">Lieu de retour : $place_to<\/li><li style=\"font-size: 22px;\">Prix : $total_cost<\/li><li>Paiement en attente : $to_be_paid<\/li><li style=\"font-size: 22px;\">Code de r\u00e9servation : $booking_code<\/li><li style=\"font-size: 22px;\">Mod\u00e8le du v\u00e9hicule : $car_model<\/li><\/ul><\/div>\t\t\t\t\t\t\t\t<\/div>\n\t\t\t\t<\/div>\n\t\t\t\t\t<\/div>\n\t\t<\/div>\n\t\t\t\t\t<\/div>\n\t\t<\/section>\n\t\t\t\t<section class=\"elementor-section elementor-top-section elementor-element elementor-element-9bc91f2 elementor-section-full_width elementor-section-height-default elementor-section-height-default\" data-id=\"9bc91f2\" data-element_type=\"section\" data-e-type=\"section\">\n\t\t\t\t\t\t<div class=\"elementor-container elementor-column-gap-no\">\n\t\t\t\t\t<div class=\"elementor-column elementor-col-100 elementor-top-column elementor-element elementor-element-7acf12d\" data-id=\"7acf12d\" data-element_type=\"column\" data-e-type=\"column\">\n\t\t\t<div class=\"elementor-widget-wrap elementor-element-populated\">\n\t\t\t\t\t\t<div class=\"elementor-element elementor-element-59bf2b7 elementor-widget elementor-widget-spacer\" data-id=\"59bf2b7\" data-element_type=\"widget\" data-e-type=\"widget\" data-widget_type=\"spacer.default\">\n\t\t\t\t<div class=\"elementor-widget-container\">\n\t\t\t\t\t\t\t<div class=\"elementor-spacer\">\n\t\t\t<div class=\"elementor-spacer-inner\"><\/div>\n\t\t<\/div>\n\t\t\t\t\t\t<\/div>\n\t\t\t\t<\/div>\n\t\t\t\t\t<\/div>\n\t\t<\/div>\n\t\t\t\t\t<\/div>\n\t\t<\/section>\n\t\t\t\t<section class=\"elementor-section elementor-top-section elementor-element elementor-element-319dea9 elementor-section-boxed elementor-section-height-default elementor-section-height-default\" data-id=\"319dea9\" data-element_type=\"section\" data-e-type=\"section\">\n\t\t\t\t\t\t<div class=\"elementor-container elementor-column-gap-default\">\n\t\t\t\t\t<div class=\"elementor-column elementor-col-100 elementor-top-column elementor-element elementor-element-bfde315\" data-id=\"bfde315\" data-element_type=\"column\" data-e-type=\"column\">\n\t\t\t<div class=\"elementor-widget-wrap elementor-element-populated\">\n\t\t\t\t\t\t<div class=\"elementor-element elementor-element-bdc7046 elementor-widget elementor-widget-html\" data-id=\"bdc7046\" data-element_type=\"widget\" data-e-type=\"widget\" data-widget_type=\"html.default\">\n\t\t\t\t<div class=\"elementor-widget-container\">\n\t\t\t\t\t<script>\r\n  \/\/ \"$total_cost\" puede venir como \"92,42\" o \"1.234,56\"\r\n  var _raw = \"$total_cost\";\r\n  function toNumber(s){\r\n    s = String(s).replace(\/[^\\d,.\\-]\/g,'');\r\n    if (s.indexOf(',')>-1 && s.indexOf('.')>-1) s = s.replace(\/\\.\/g,'').replace(',', '.');\r\n    else if (s.indexOf(',')>-1) s = s.replace(',', '.');\r\n    var n = Number(s);\r\n    return isFinite(n) ? Math.round(n*100)\/100 : 0;\r\n  }\r\n  var _v = toNumber(_raw);\r\n\r\n  window.dataLayer = window.dataLayer || [];\r\n  window.dataLayer.push({ ecommerce: null });\r\n  window.dataLayer.push({\r\n    event: 'purchase',\r\n    ecommerce: {\r\n      transaction_id: \"$booking_code$\",\r\n      affiliation: \"$place_from\",\r\n      value: _v,\r\n      currency: 'EUR',\r\n      items: [{\r\n        item_name: \"$car_model\",\r\n        quantity: 1,\r\n        price: _v\r\n      }]\r\n    }\r\n  });\r\n<\/script>\r\n\t\t\t\t<\/div>\n\t\t\t\t<\/div>\n\t\t\t\t\t<\/div>\n\t\t<\/div>\n\t\t\t\t\t<\/div>\n\t\t<\/section>\n\t\t\t\t<section class=\"elementor-section elementor-top-section elementor-element elementor-element-cf3d07e elementor-section-full_width elementor-section-height-default elementor-section-height-default\" data-id=\"cf3d07e\" data-element_type=\"section\" data-e-type=\"section\">\n\t\t\t\t\t\t<div class=\"elementor-container elementor-column-gap-no\">\n\t\t\t\t\t<div class=\"elementor-column elementor-col-100 elementor-top-column elementor-element elementor-element-fe1d837\" data-id=\"fe1d837\" data-element_type=\"column\" data-e-type=\"column\">\n\t\t\t<div class=\"elementor-widget-wrap elementor-element-populated\">\n\t\t\t\t\t\t<div class=\"elementor-element elementor-element-6bd350b elementor-widget elementor-widget-spacer\" data-id=\"6bd350b\" data-element_type=\"widget\" data-e-type=\"widget\" data-widget_type=\"spacer.default\">\n\t\t\t\t<div class=\"elementor-widget-container\">\n\t\t\t\t\t\t\t<div class=\"elementor-spacer\">\n\t\t\t<div class=\"elementor-spacer-inner\"><\/div>\n\t\t<\/div>\n\t\t\t\t\t\t<\/div>\n\t\t\t\t<\/div>\n\t\t\t\t\t<\/div>\n\t\t<\/div>\n\t\t\t\t\t<\/div>\n\t\t<\/section>\n\t\t\t\t<\/div>\n\t\t","protected":false},"excerpt":{"rendered":"<p>Zahlung erfolgreich abgeschlossen. Vielen Dank f\u00fcr Ihre Reservierung bei Protur Cars. Ihre Zahlung wurde erfolgreich bearbeitet, und wir haben eine Best\u00e4tigung Ihrer Buchung an Ihre E-Mail-Adresse gesendet. Sie sollten sie in K\u00fcrze in Ihrem Posteingang erhalten. Wenn Sie die E-Mail nicht in Ihrem Posteingang finden, empfehlen wir Ihnen, den Ordner \u201eJunk\u201c oder \u201eSpam\u201c zu \u00fcberpr\u00fcfen, [&hellip;]<\/p>\n","protected":false},"author":1,"featured_media":0,"parent":0,"menu_order":0,"comment_status":"closed","ping_status":"closed","template":"","meta":{"footnotes":""},"class_list":["post-3302","page","type-page","status-publish","hentry"],"yoast_head":"<!-- This site is optimized with the Yoast SEO plugin v27.4 - https:\/\/yoast.com\/product\/yoast-seo-wordpress\/ -->\n<title>Buchungsbest\u00e4tigung - Bezahlen im B\u00fcro | Protur Cars<\/title>\n<meta name=\"robots\" content=\"index, follow, max-snippet:-1, max-image-preview:large, max-video-preview:-1\" \/>\n<link rel=\"canonical\" href=\"https:\/\/proturcars.com\/de\/booking-confirmation-im-buero\/\" \/>\n<meta property=\"og:locale\" content=\"de_DE\" \/>\n<meta property=\"og:type\" content=\"article\" \/>\n<meta property=\"og:title\" content=\"Buchungsbest\u00e4tigung - Bezahlen im B\u00fcro | Protur Cars\" \/>\n<meta property=\"og:description\" content=\"Zahlung erfolgreich abgeschlossen. Vielen Dank f\u00fcr Ihre Reservierung bei Protur Cars. Ihre Zahlung wurde erfolgreich bearbeitet, und wir haben eine Best\u00e4tigung Ihrer Buchung an Ihre E-Mail-Adresse gesendet. Sie sollten sie in K\u00fcrze in Ihrem Posteingang erhalten. Wenn Sie die E-Mail nicht in Ihrem Posteingang finden, empfehlen wir Ihnen, den Ordner \u201eJunk\u201c oder \u201eSpam\u201c zu \u00fcberpr\u00fcfen, [&hellip;]\" \/>\n<meta property=\"og:url\" content=\"https:\/\/proturcars.com\/de\/booking-confirmation-im-buero\/\" \/>\n<meta property=\"og:site_name\" content=\"Alquiler de Coches en Cala Millor, Sa Coma y Cala Bona\" \/>\n<meta property=\"article:modified_time\" content=\"2025-10-07T07:58:48+00:00\" \/>\n<meta property=\"og:image\" content=\"https:\/\/proturcars.com\/wp-content\/uploads\/2024\/11\/protur-cars.jpg\" \/>\n\t<meta property=\"og:image:width\" content=\"1200\" \/>\n\t<meta property=\"og:image:height\" content=\"675\" \/>\n\t<meta property=\"og:image:type\" content=\"image\/jpeg\" \/>\n<meta name=\"twitter:card\" content=\"summary_large_image\" \/>\n<meta name=\"twitter:label1\" content=\"Gesch\u00e4tzte Lesezeit\" \/>\n\t<meta name=\"twitter:data1\" content=\"1\u00a0Minute\" \/>\n<script type=\"application\/ld+json\" class=\"yoast-schema-graph\">{\"@context\":\"https:\\\/\\\/schema.org\",\"@graph\":[{\"@type\":\"WebPage\",\"@id\":\"https:\\\/\\\/proturcars.com\\\/de\\\/booking-confirmation-im-buero\\\/\",\"url\":\"https:\\\/\\\/proturcars.com\\\/de\\\/booking-confirmation-im-buero\\\/\",\"name\":\"Buchungsbest\u00e4tigung - Bezahlen im B\u00fcro | Protur Cars\",\"isPartOf\":{\"@id\":\"https:\\\/\\\/proturcars.com\\\/de\\\/#website\"},\"datePublished\":\"2024-10-07T07:55:36+00:00\",\"dateModified\":\"2025-10-07T07:58:48+00:00\",\"breadcrumb\":{\"@id\":\"https:\\\/\\\/proturcars.com\\\/de\\\/booking-confirmation-im-buero\\\/#breadcrumb\"},\"inLanguage\":\"de\",\"potentialAction\":[{\"@type\":\"ReadAction\",\"target\":[\"https:\\\/\\\/proturcars.com\\\/de\\\/booking-confirmation-im-buero\\\/\"]}]},{\"@type\":\"BreadcrumbList\",\"@id\":\"https:\\\/\\\/proturcars.com\\\/de\\\/booking-confirmation-im-buero\\\/#breadcrumb\",\"itemListElement\":[{\"@type\":\"ListItem\",\"position\":1,\"name\":\"Portada\",\"item\":\"https:\\\/\\\/proturcars.com\\\/de\\\/\"},{\"@type\":\"ListItem\",\"position\":2,\"name\":\"Buchungsbest\u00e4tigung &#8211; Bezahlen im B\u00fcro\"}]},{\"@type\":\"WebSite\",\"@id\":\"https:\\\/\\\/proturcars.com\\\/de\\\/#website\",\"url\":\"https:\\\/\\\/proturcars.com\\\/de\\\/\",\"name\":\"Alquiler de Coches en Cala Millor, Sa Coma y Cala Bona\",\"description\":\"Alquila coches en Cala Millor, Sa Coma, Cala Bona y S'Illot. Seguro sin franquicia, asistencia 24\\\/7 y kil&oacute;metros ilimitados\",\"publisher\":{\"@id\":\"https:\\\/\\\/proturcars.com\\\/de\\\/#organization\"},\"alternateName\":\"Alquiler de Coches en Cala Millor, Sa Coma y Cala Bona\",\"potentialAction\":[{\"@type\":\"SearchAction\",\"target\":{\"@type\":\"EntryPoint\",\"urlTemplate\":\"https:\\\/\\\/proturcars.com\\\/de\\\/?s={search_term_string}\"},\"query-input\":{\"@type\":\"PropertyValueSpecification\",\"valueRequired\":true,\"valueName\":\"search_term_string\"}}],\"inLanguage\":\"de\"},{\"@type\":\"Organization\",\"@id\":\"https:\\\/\\\/proturcars.com\\\/de\\\/#organization\",\"name\":\"Protur Cars alquiler de coches en Cala Millor, Sa Coma y Cala Bona\",\"alternateName\":\"Protur Cars alquiler de coches\",\"url\":\"https:\\\/\\\/proturcars.com\\\/de\\\/\",\"logo\":{\"@type\":\"ImageObject\",\"inLanguage\":\"de\",\"@id\":\"https:\\\/\\\/proturcars.com\\\/de\\\/#\\\/schema\\\/logo\\\/image\\\/\",\"url\":\"https:\\\/\\\/proturcars.com\\\/wp-content\\\/uploads\\\/2024\\\/10\\\/cropped-proturcars-logo.webp\",\"contentUrl\":\"https:\\\/\\\/proturcars.com\\\/wp-content\\\/uploads\\\/2024\\\/10\\\/cropped-proturcars-logo.webp\",\"width\":500,\"height\":194,\"caption\":\"Protur Cars alquiler de coches en Cala Millor, Sa Coma y Cala Bona\"},\"image\":{\"@id\":\"https:\\\/\\\/proturcars.com\\\/de\\\/#\\\/schema\\\/logo\\\/image\\\/\"}}]}<\/script>\n<!-- \/ Yoast SEO plugin. -->","yoast_head_json":{"title":"Buchungsbest\u00e4tigung - Bezahlen im B\u00fcro | Protur Cars","robots":{"index":"index","follow":"follow","max-snippet":"max-snippet:-1","max-image-preview":"max-image-preview:large","max-video-preview":"max-video-preview:-1"},"canonical":"https:\/\/proturcars.com\/de\/booking-confirmation-im-buero\/","og_locale":"de_DE","og_type":"article","og_title":"Buchungsbest\u00e4tigung - Bezahlen im B\u00fcro | Protur Cars","og_description":"Zahlung erfolgreich abgeschlossen. Vielen Dank f\u00fcr Ihre Reservierung bei Protur Cars. Ihre Zahlung wurde erfolgreich bearbeitet, und wir haben eine Best\u00e4tigung Ihrer Buchung an Ihre E-Mail-Adresse gesendet. Sie sollten sie in K\u00fcrze in Ihrem Posteingang erhalten. Wenn Sie die E-Mail nicht in Ihrem Posteingang finden, empfehlen wir Ihnen, den Ordner \u201eJunk\u201c oder \u201eSpam\u201c zu \u00fcberpr\u00fcfen, [&hellip;]","og_url":"https:\/\/proturcars.com\/de\/booking-confirmation-im-buero\/","og_site_name":"Alquiler de Coches en Cala Millor, Sa Coma y Cala Bona","article_modified_time":"2025-10-07T07:58:48+00:00","og_image":[{"width":1200,"height":675,"url":"https:\/\/proturcars.com\/wp-content\/uploads\/2024\/11\/protur-cars.jpg","type":"image\/jpeg"}],"twitter_card":"summary_large_image","twitter_misc":{"Gesch\u00e4tzte Lesezeit":"1\u00a0Minute"},"schema":{"@context":"https:\/\/schema.org","@graph":[{"@type":"WebPage","@id":"https:\/\/proturcars.com\/de\/booking-confirmation-im-buero\/","url":"https:\/\/proturcars.com\/de\/booking-confirmation-im-buero\/","name":"Buchungsbest\u00e4tigung - Bezahlen im B\u00fcro | Protur Cars","isPartOf":{"@id":"https:\/\/proturcars.com\/de\/#website"},"datePublished":"2024-10-07T07:55:36+00:00","dateModified":"2025-10-07T07:58:48+00:00","breadcrumb":{"@id":"https:\/\/proturcars.com\/de\/booking-confirmation-im-buero\/#breadcrumb"},"inLanguage":"de","potentialAction":[{"@type":"ReadAction","target":["https:\/\/proturcars.com\/de\/booking-confirmation-im-buero\/"]}]},{"@type":"BreadcrumbList","@id":"https:\/\/proturcars.com\/de\/booking-confirmation-im-buero\/#breadcrumb","itemListElement":[{"@type":"ListItem","position":1,"name":"Portada","item":"https:\/\/proturcars.com\/de\/"},{"@type":"ListItem","position":2,"name":"Buchungsbest\u00e4tigung &#8211; Bezahlen im B\u00fcro"}]},{"@type":"WebSite","@id":"https:\/\/proturcars.com\/de\/#website","url":"https:\/\/proturcars.com\/de\/","name":"Alquiler de Coches en Cala Millor, Sa Coma y Cala Bona","description":"Alquila coches en Cala Millor, Sa Coma, Cala Bona y S'Illot. Seguro sin franquicia, asistencia 24\/7 y kil&oacute;metros ilimitados","publisher":{"@id":"https:\/\/proturcars.com\/de\/#organization"},"alternateName":"Alquiler de Coches en Cala Millor, Sa Coma y Cala Bona","potentialAction":[{"@type":"SearchAction","target":{"@type":"EntryPoint","urlTemplate":"https:\/\/proturcars.com\/de\/?s={search_term_string}"},"query-input":{"@type":"PropertyValueSpecification","valueRequired":true,"valueName":"search_term_string"}}],"inLanguage":"de"},{"@type":"Organization","@id":"https:\/\/proturcars.com\/de\/#organization","name":"Protur Cars alquiler de coches en Cala Millor, Sa Coma y Cala Bona","alternateName":"Protur Cars alquiler de coches","url":"https:\/\/proturcars.com\/de\/","logo":{"@type":"ImageObject","inLanguage":"de","@id":"https:\/\/proturcars.com\/de\/#\/schema\/logo\/image\/","url":"https:\/\/proturcars.com\/wp-content\/uploads\/2024\/10\/cropped-proturcars-logo.webp","contentUrl":"https:\/\/proturcars.com\/wp-content\/uploads\/2024\/10\/cropped-proturcars-logo.webp","width":500,"height":194,"caption":"Protur Cars alquiler de coches en Cala Millor, Sa Coma y Cala Bona"},"image":{"@id":"https:\/\/proturcars.com\/de\/#\/schema\/logo\/image\/"}}]}},"_links":{"self":[{"href":"https:\/\/proturcars.com\/de\/wp-json\/wp\/v2\/pages\/3302","targetHints":{"allow":["GET"]}}],"collection":[{"href":"https:\/\/proturcars.com\/de\/wp-json\/wp\/v2\/pages"}],"about":[{"href":"https:\/\/proturcars.com\/de\/wp-json\/wp\/v2\/types\/page"}],"author":[{"embeddable":true,"href":"https:\/\/proturcars.com\/de\/wp-json\/wp\/v2\/users\/1"}],"replies":[{"embeddable":true,"href":"https:\/\/proturcars.com\/de\/wp-json\/wp\/v2\/comments?post=3302"}],"version-history":[{"count":12,"href":"https:\/\/proturcars.com\/de\/wp-json\/wp\/v2\/pages\/3302\/revisions"}],"predecessor-version":[{"id":6645,"href":"https:\/\/proturcars.com\/de\/wp-json\/wp\/v2\/pages\/3302\/revisions\/6645"}],"wp:attachment":[{"href":"https:\/\/proturcars.com\/de\/wp-json\/wp\/v2\/media?parent=3302"}],"curies":[{"name":"wp","href":"https:\/\/api.w.org\/{rel}","templated":true}]}}