{"id":3268,"date":"2024-10-07T07:55:36","date_gmt":"2024-10-07T07:55:36","guid":{"rendered":"https:\/\/proturcars.com\/CARS\/registrate\/"},"modified":"2024-12-19T14:25:57","modified_gmt":"2024-12-19T14:25:57","slug":"enregistrement","status":"publish","type":"page","link":"https:\/\/proturcars.com\/fr\/enregistrement\/","title":{"rendered":"Enregistrement"},"content":{"rendered":"\t\t<div data-elementor-type=\"wp-page\" data-elementor-id=\"3268\" class=\"elementor elementor-3268 elementor-524\" data-elementor-post-type=\"page\">\n\t\t\t\t\t\t<section class=\"elementor-section elementor-top-section elementor-element elementor-element-e3e69da elementor-section-boxed elementor-section-height-default elementor-section-height-default\" data-id=\"e3e69da\" data-element_type=\"section\" data-e-type=\"section\">\n\t\t\t\t\t\t<div class=\"elementor-container elementor-column-gap-default\">\n\t\t\t\t\t<div class=\"elementor-column elementor-col-100 elementor-top-column elementor-element elementor-element-a0d3e5c\" data-id=\"a0d3e5c\" data-element_type=\"column\" data-e-type=\"column\">\n\t\t\t<div class=\"elementor-widget-wrap elementor-element-populated\">\n\t\t\t\t\t\t<div class=\"elementor-element elementor-element-0864bc9 elementor-widget elementor-widget-spacer\" data-id=\"0864bc9\" data-element_type=\"widget\" data-e-type=\"widget\" data-widget_type=\"spacer.default\">\n\t\t\t\t<div class=\"elementor-widget-container\">\n\t\t\t\t\t\t\t<div class=\"elementor-spacer\">\n\t\t\t<div class=\"elementor-spacer-inner\"><\/div>\n\t\t<\/div>\n\t\t\t\t\t\t<\/div>\n\t\t\t\t<\/div>\n\t\t\t\t\t<\/div>\n\t\t<\/div>\n\t\t\t\t\t<\/div>\n\t\t<\/section>\n\t\t\t\t<section class=\"elementor-section elementor-top-section elementor-element elementor-element-c82ce61 elementor-section-full_width elementor-section-height-default elementor-section-height-default\" data-id=\"c82ce61\" data-element_type=\"section\" data-e-type=\"section\">\n\t\t\t\t\t\t<div class=\"elementor-container elementor-column-gap-narrow\">\n\t\t\t\t\t<div class=\"elementor-column elementor-col-100 elementor-top-column elementor-element elementor-element-e7a103c\" data-id=\"e7a103c\" data-element_type=\"column\" data-e-type=\"column\">\n\t\t\t<div class=\"elementor-widget-wrap elementor-element-populated\">\n\t\t\t\t\t\t<div class=\"elementor-element elementor-element-ac23450 elementor-widget elementor-widget-heading\" data-id=\"ac23450\" data-element_type=\"widget\" data-e-type=\"widget\" data-widget_type=\"heading.default\">\n\t\t\t\t<div class=\"elementor-widget-container\">\n\t\t\t\t\t<h1 class=\"elementor-heading-title elementor-size-default\">Inscrivez-vous chez Protur Cars - Location de voitures \u00e0 Majorque<\/h1>\t\t\t\t<\/div>\n\t\t\t\t<\/div>\n\t\t\t\t<div class=\"elementor-element elementor-element-cb99b10 elementor-widget elementor-widget-text-editor\" data-id=\"cb99b10\" data-element_type=\"widget\" data-e-type=\"widget\" data-widget_type=\"text-editor.default\">\n\t\t\t\t<div class=\"elementor-widget-container\">\n\t\t\t\t\t\t\t\t\t<p><strong>Cr\u00e9ez votre compte pour louer une voiture avec Protur Cars. Inscrivez-vous pour continuer le processus de location de voiture \u00e0 Majorque et g\u00e9rer vos r\u00e9servations facilement et rapidement. En cr\u00e9ant votre compte, vous acc\u00e9derez \u00e0 vos d\u00e9tails de r\u00e9servation, effectuerez vos paiements et profiterez de promotions et r\u00e9ductions exclusives.<\/strong><\/p>\t\t\t\t\t\t\t\t<\/div>\n\t\t\t\t<\/div>\n\t\t\t\t\t<\/div>\n\t\t<\/div>\n\t\t\t\t\t<\/div>\n\t\t<\/section>\n\t\t\t\t<section class=\"elementor-section elementor-top-section elementor-element elementor-element-8c7feab elementor-section-full_width elementor-section-height-default elementor-section-height-default\" data-id=\"8c7feab\" data-element_type=\"section\" data-e-type=\"section\">\n\t\t\t\t\t\t<div class=\"elementor-container elementor-column-gap-no\">\n\t\t\t\t\t<div class=\"elementor-column elementor-col-100 elementor-top-column elementor-element elementor-element-e350dee\" data-id=\"e350dee\" data-element_type=\"column\" data-e-type=\"column\">\n\t\t\t<div class=\"elementor-widget-wrap elementor-element-populated\">\n\t\t\t\t\t\t<div class=\"elementor-element elementor-element-bc1d2ba elementor-widget elementor-widget-shortcode\" data-id=\"bc1d2ba\" data-element_type=\"widget\" data-e-type=\"widget\" data-widget_type=\"shortcode.default\">\n\t\t\t\t<div class=\"elementor-widget-container\">\n\t\t\t\t\t\t\t<div class=\"elementor-shortcode\">    <ul class=\"renthub_error_list\">\n                    <li>\n                Page d&#039;enregistrement demand\u00e9e\n            <\/li>\n            <\/ul>\n<\/div>\n\t\t\t\t\t\t<\/div>\n\t\t\t\t<\/div>\n\t\t\t\t\t<\/div>\n\t\t<\/div>\n\t\t\t\t\t<\/div>\n\t\t<\/section>\n\t\t\t\t<section class=\"elementor-section elementor-top-section elementor-element elementor-element-7ae4da1 elementor-section-boxed elementor-section-height-default elementor-section-height-default\" data-id=\"7ae4da1\" data-element_type=\"section\" data-e-type=\"section\">\n\t\t\t\t\t\t<div class=\"elementor-container elementor-column-gap-default\">\n\t\t\t\t\t<div class=\"elementor-column elementor-col-100 elementor-top-column elementor-element elementor-element-089cbb7\" data-id=\"089cbb7\" data-element_type=\"column\" data-e-type=\"column\">\n\t\t\t<div class=\"elementor-widget-wrap elementor-element-populated\">\n\t\t\t\t\t\t<div class=\"elementor-element elementor-element-cc4b697 elementor-widget elementor-widget-spacer\" data-id=\"cc4b697\" data-element_type=\"widget\" data-e-type=\"widget\" data-widget_type=\"spacer.default\">\n\t\t\t\t<div class=\"elementor-widget-container\">\n\t\t\t\t\t\t\t<div class=\"elementor-spacer\">\n\t\t\t<div class=\"elementor-spacer-inner\"><\/div>\n\t\t<\/div>\n\t\t\t\t\t\t<\/div>\n\t\t\t\t<\/div>\n\t\t\t\t\t<\/div>\n\t\t<\/div>\n\t\t\t\t\t<\/div>\n\t\t<\/section>\n\t\t\t\t<section class=\"elementor-section elementor-top-section elementor-element elementor-element-1784f75 elementor-section-full_width elementor-section-height-default elementor-section-height-default\" data-id=\"1784f75\" data-element_type=\"section\" data-e-type=\"section\">\n\t\t\t\t\t\t<div class=\"elementor-container elementor-column-gap-narrow\">\n\t\t\t\t\t<div class=\"elementor-column elementor-col-100 elementor-top-column elementor-element elementor-element-b4acb7a\" data-id=\"b4acb7a\" data-element_type=\"column\" data-e-type=\"column\">\n\t\t\t<div class=\"elementor-widget-wrap elementor-element-populated\">\n\t\t\t\t\t\t<div class=\"elementor-element elementor-element-f21566a elementor-widget elementor-widget-text-editor\" data-id=\"f21566a\" data-element_type=\"widget\" data-e-type=\"widget\" data-widget_type=\"text-editor.default\">\n\t\t\t\t<div class=\"elementor-widget-container\">\n\t\t\t\t\t\t\t\t\t<p><strong>Avantages de vous inscrire chez Protur Cars<\/strong><br>Vous inscrire chez Protur Cars vous permet non seulement de g\u00e9rer vos r\u00e9servations facilement, mais aussi de b\u00e9n\u00e9ficier de plusieurs avantages qui am\u00e9lioreront votre exp\u00e9rience de location. En tant que membre inscrit, vous pouvez enregistrer vos coordonn\u00e9es et vos pr\u00e9f\u00e9rences de location, ce qui acc\u00e9l\u00e8re le processus de r\u00e9servation lors de vos prochaines locations. De plus, en \u00e9tant inscrit, vous aurez acc\u00e8s \u00e0 l&rsquo;historique complet de vos locations pr\u00e9c\u00e9dentes, ce qui vous permet de suivre vos voyages et de recevoir des recommandations personnalis\u00e9es bas\u00e9es sur vos pr\u00e9f\u00e9rences.<\/p><p><strong>Promotions exclusives<\/strong><br>En cr\u00e9ant votre compte, vous serez inscrit sur la liste pour recevoir des notifications concernant des promotions sp\u00e9ciales et des r\u00e9ductions exclusives que nous proposons p\u00e9riodiquement. Cela vous permet de profiter des meilleures offres pour votre location de voiture, la rendant ainsi plus abordable et pratique.<\/p><p><strong>R\u00e9servation rapide et simple<\/strong><br>Avec votre compte Protur Cars, vous pouvez effectuer une r\u00e9servation en quelques minutes. Il vous suffit de vous connecter et de s\u00e9lectionner la voiture qui correspond \u00e0 vos besoins. De plus, gr\u00e2ce \u00e0 notre plateforme s\u00e9curis\u00e9e, vous pouvez effectuer des paiements rapidement et facilement, sans souci. Tout cela se traduit par une exp\u00e9rience plus fluide et sans tracas, vous permettant de profiter pleinement des merveilles de Majorque.<\/p><p><strong>Inscrivez-vous maintenant et commencez \u00e0 planifier votre prochain voyage \u00e0 Majorque avec Protur Cars !<\/strong><\/p>\t\t\t\t\t\t\t\t<\/div>\n\t\t\t\t<\/div>\n\t\t\t\t\t<\/div>\n\t\t<\/div>\n\t\t\t\t\t<\/div>\n\t\t<\/section>\n\t\t\t\t<section class=\"elementor-section elementor-top-section elementor-element elementor-element-1846794 elementor-section-boxed elementor-section-height-default elementor-section-height-default\" data-id=\"1846794\" data-element_type=\"section\" data-e-type=\"section\">\n\t\t\t\t\t\t<div class=\"elementor-container elementor-column-gap-default\">\n\t\t\t\t\t<div class=\"elementor-column elementor-col-100 elementor-top-column elementor-element elementor-element-912bdd8\" data-id=\"912bdd8\" data-element_type=\"column\" data-e-type=\"column\">\n\t\t\t<div class=\"elementor-widget-wrap elementor-element-populated\">\n\t\t\t\t\t\t<div class=\"elementor-element elementor-element-eb8ac0c elementor-widget elementor-widget-spacer\" data-id=\"eb8ac0c\" data-element_type=\"widget\" data-e-type=\"widget\" data-widget_type=\"spacer.default\">\n\t\t\t\t<div class=\"elementor-widget-container\">\n\t\t\t\t\t\t\t<div class=\"elementor-spacer\">\n\t\t\t<div class=\"elementor-spacer-inner\"><\/div>\n\t\t<\/div>\n\t\t\t\t\t\t<\/div>\n\t\t\t\t<\/div>\n\t\t\t\t\t<\/div>\n\t\t<\/div>\n\t\t\t\t\t<\/div>\n\t\t<\/section>\n\t\t\t\t<\/div>\n\t\t","protected":false},"excerpt":{"rendered":"<p>Inscrivez-vous chez Protur Cars &#8211; Location de voitures \u00e0 Majorque Cr\u00e9ez votre compte pour louer une voiture avec Protur Cars. Inscrivez-vous pour continuer le processus de location de voiture \u00e0 Majorque et g\u00e9rer vos r\u00e9servations facilement et rapidement. En cr\u00e9ant votre compte, vous acc\u00e9derez \u00e0 vos d\u00e9tails de r\u00e9servation, effectuerez vos paiements et profiterez de [&hellip;]<\/p>\n","protected":false},"author":1,"featured_media":3824,"parent":0,"menu_order":0,"comment_status":"closed","ping_status":"closed","template":"","meta":{"footnotes":""},"class_list":["post-3268","page","type-page","status-publish","has-post-thumbnail","hentry"],"yoast_head":"<!-- This site is optimized with the Yoast SEO plugin v27.4 - https:\/\/yoast.com\/product\/yoast-seo-wordpress\/ -->\n<title>Enregistrement | Protur Cars<\/title>\n<meta name=\"description\" content=\"Inscrivez-vous chez Protur Cars pour g\u00e9rer votre location de voiture \u00e0 Majorque. Acc\u00e9dez \u00e0 vos r\u00e9servations, d\u00e9tails et offres exclusives.\" \/>\n<meta name=\"robots\" content=\"index, follow, max-snippet:-1, max-image-preview:large, max-video-preview:-1\" \/>\n<link rel=\"canonical\" href=\"https:\/\/proturcars.com\/fr\/enregistrement\/\" \/>\n<meta property=\"og:locale\" content=\"fr_FR\" \/>\n<meta property=\"og:type\" content=\"article\" \/>\n<meta property=\"og:title\" content=\"Enregistrement | Protur Cars\" \/>\n<meta property=\"og:description\" content=\"Inscrivez-vous chez Protur Cars pour g\u00e9rer votre location de voiture \u00e0 Majorque. Acc\u00e9dez \u00e0 vos r\u00e9servations, d\u00e9tails et offres exclusives.\" \/>\n<meta property=\"og:url\" content=\"https:\/\/proturcars.com\/fr\/enregistrement\/\" \/>\n<meta property=\"og:site_name\" content=\"Alquiler de Coches en Cala Millor, Sa Coma y Cala Bona\" \/>\n<meta property=\"article:modified_time\" content=\"2024-12-19T14:25:57+00:00\" \/>\n<meta property=\"og:image\" content=\"https:\/\/proturcars.com\/wp-content\/uploads\/2024\/11\/registrate-en-protur-cars-alquiler-de-coches-en-mallorca.jpg\" \/>\n\t<meta property=\"og:image:width\" content=\"1380\" \/>\n\t<meta property=\"og:image:height\" content=\"920\" \/>\n\t<meta property=\"og:image:type\" content=\"image\/jpeg\" \/>\n<meta name=\"twitter:card\" content=\"summary_large_image\" \/>\n<meta name=\"twitter:label1\" content=\"Dur\u00e9e de lecture estim\u00e9e\" \/>\n\t<meta name=\"twitter:data1\" content=\"2 minutes\" \/>\n<script type=\"application\/ld+json\" class=\"yoast-schema-graph\">{\"@context\":\"https:\\\/\\\/schema.org\",\"@graph\":[{\"@type\":\"WebPage\",\"@id\":\"https:\\\/\\\/proturcars.com\\\/fr\\\/enregistrement\\\/\",\"url\":\"https:\\\/\\\/proturcars.com\\\/fr\\\/enregistrement\\\/\",\"name\":\"Enregistrement | Protur Cars\",\"isPartOf\":{\"@id\":\"https:\\\/\\\/proturcars.com\\\/fr\\\/#website\"},\"primaryImageOfPage\":{\"@id\":\"https:\\\/\\\/proturcars.com\\\/fr\\\/enregistrement\\\/#primaryimage\"},\"image\":{\"@id\":\"https:\\\/\\\/proturcars.com\\\/fr\\\/enregistrement\\\/#primaryimage\"},\"thumbnailUrl\":\"https:\\\/\\\/proturcars.com\\\/wp-content\\\/uploads\\\/2024\\\/11\\\/registrate-en-protur-cars-alquiler-de-coches-en-mallorca.jpg\",\"datePublished\":\"2024-10-07T07:55:36+00:00\",\"dateModified\":\"2024-12-19T14:25:57+00:00\",\"description\":\"Inscrivez-vous chez Protur Cars pour g\u00e9rer votre location de voiture \u00e0 Majorque. Acc\u00e9dez \u00e0 vos r\u00e9servations, d\u00e9tails et offres exclusives.\",\"breadcrumb\":{\"@id\":\"https:\\\/\\\/proturcars.com\\\/fr\\\/enregistrement\\\/#breadcrumb\"},\"inLanguage\":\"fr-FR\",\"potentialAction\":[{\"@type\":\"ReadAction\",\"target\":[\"https:\\\/\\\/proturcars.com\\\/fr\\\/enregistrement\\\/\"]}]},{\"@type\":\"ImageObject\",\"inLanguage\":\"fr-FR\",\"@id\":\"https:\\\/\\\/proturcars.com\\\/fr\\\/enregistrement\\\/#primaryimage\",\"url\":\"https:\\\/\\\/proturcars.com\\\/wp-content\\\/uploads\\\/2024\\\/11\\\/registrate-en-protur-cars-alquiler-de-coches-en-mallorca.jpg\",\"contentUrl\":\"https:\\\/\\\/proturcars.com\\\/wp-content\\\/uploads\\\/2024\\\/11\\\/registrate-en-protur-cars-alquiler-de-coches-en-mallorca.jpg\",\"width\":1380,\"height\":920,\"caption\":\"Registro en Protur Cars - Alquiler de coches en Mallorca\"},{\"@type\":\"BreadcrumbList\",\"@id\":\"https:\\\/\\\/proturcars.com\\\/fr\\\/enregistrement\\\/#breadcrumb\",\"itemListElement\":[{\"@type\":\"ListItem\",\"position\":1,\"name\":\"Portada\",\"item\":\"https:\\\/\\\/proturcars.com\\\/fr\\\/\"},{\"@type\":\"ListItem\",\"position\":2,\"name\":\"Enregistrement\"}]},{\"@type\":\"WebSite\",\"@id\":\"https:\\\/\\\/proturcars.com\\\/fr\\\/#website\",\"url\":\"https:\\\/\\\/proturcars.com\\\/fr\\\/\",\"name\":\"Alquiler de Coches en Cala Millor, Sa Coma y Cala Bona\",\"description\":\"Alquila coches en Cala Millor, Sa Coma, Cala Bona y S'Illot. Seguro sin franquicia, asistencia 24\\\/7 y kil&oacute;metros ilimitados\",\"publisher\":{\"@id\":\"https:\\\/\\\/proturcars.com\\\/fr\\\/#organization\"},\"alternateName\":\"Alquiler de Coches en Cala Millor, Sa Coma y Cala Bona\",\"potentialAction\":[{\"@type\":\"SearchAction\",\"target\":{\"@type\":\"EntryPoint\",\"urlTemplate\":\"https:\\\/\\\/proturcars.com\\\/fr\\\/?s={search_term_string}\"},\"query-input\":{\"@type\":\"PropertyValueSpecification\",\"valueRequired\":true,\"valueName\":\"search_term_string\"}}],\"inLanguage\":\"fr-FR\"},{\"@type\":\"Organization\",\"@id\":\"https:\\\/\\\/proturcars.com\\\/fr\\\/#organization\",\"name\":\"Protur Cars alquiler de coches en Cala Millor, Sa Coma y Cala Bona\",\"alternateName\":\"Protur Cars alquiler de coches\",\"url\":\"https:\\\/\\\/proturcars.com\\\/fr\\\/\",\"logo\":{\"@type\":\"ImageObject\",\"inLanguage\":\"fr-FR\",\"@id\":\"https:\\\/\\\/proturcars.com\\\/fr\\\/#\\\/schema\\\/logo\\\/image\\\/\",\"url\":\"https:\\\/\\\/proturcars.com\\\/wp-content\\\/uploads\\\/2024\\\/10\\\/cropped-proturcars-logo.webp\",\"contentUrl\":\"https:\\\/\\\/proturcars.com\\\/wp-content\\\/uploads\\\/2024\\\/10\\\/cropped-proturcars-logo.webp\",\"width\":500,\"height\":194,\"caption\":\"Protur Cars alquiler de coches en Cala Millor, Sa Coma y Cala Bona\"},\"image\":{\"@id\":\"https:\\\/\\\/proturcars.com\\\/fr\\\/#\\\/schema\\\/logo\\\/image\\\/\"}}]}<\/script>\n<!-- \/ Yoast SEO plugin. -->","yoast_head_json":{"title":"Enregistrement | Protur Cars","description":"Inscrivez-vous chez Protur Cars pour g\u00e9rer votre location de voiture \u00e0 Majorque. Acc\u00e9dez \u00e0 vos r\u00e9servations, d\u00e9tails et offres exclusives.","robots":{"index":"index","follow":"follow","max-snippet":"max-snippet:-1","max-image-preview":"max-image-preview:large","max-video-preview":"max-video-preview:-1"},"canonical":"https:\/\/proturcars.com\/fr\/enregistrement\/","og_locale":"fr_FR","og_type":"article","og_title":"Enregistrement | Protur Cars","og_description":"Inscrivez-vous chez Protur Cars pour g\u00e9rer votre location de voiture \u00e0 Majorque. Acc\u00e9dez \u00e0 vos r\u00e9servations, d\u00e9tails et offres exclusives.","og_url":"https:\/\/proturcars.com\/fr\/enregistrement\/","og_site_name":"Alquiler de Coches en Cala Millor, Sa Coma y Cala Bona","article_modified_time":"2024-12-19T14:25:57+00:00","og_image":[{"width":1380,"height":920,"url":"https:\/\/proturcars.com\/wp-content\/uploads\/2024\/11\/registrate-en-protur-cars-alquiler-de-coches-en-mallorca.jpg","type":"image\/jpeg"}],"twitter_card":"summary_large_image","twitter_misc":{"Dur\u00e9e de lecture estim\u00e9e":"2 minutes"},"schema":{"@context":"https:\/\/schema.org","@graph":[{"@type":"WebPage","@id":"https:\/\/proturcars.com\/fr\/enregistrement\/","url":"https:\/\/proturcars.com\/fr\/enregistrement\/","name":"Enregistrement | Protur Cars","isPartOf":{"@id":"https:\/\/proturcars.com\/fr\/#website"},"primaryImageOfPage":{"@id":"https:\/\/proturcars.com\/fr\/enregistrement\/#primaryimage"},"image":{"@id":"https:\/\/proturcars.com\/fr\/enregistrement\/#primaryimage"},"thumbnailUrl":"https:\/\/proturcars.com\/wp-content\/uploads\/2024\/11\/registrate-en-protur-cars-alquiler-de-coches-en-mallorca.jpg","datePublished":"2024-10-07T07:55:36+00:00","dateModified":"2024-12-19T14:25:57+00:00","description":"Inscrivez-vous chez Protur Cars pour g\u00e9rer votre location de voiture \u00e0 Majorque. Acc\u00e9dez \u00e0 vos r\u00e9servations, d\u00e9tails et offres exclusives.","breadcrumb":{"@id":"https:\/\/proturcars.com\/fr\/enregistrement\/#breadcrumb"},"inLanguage":"fr-FR","potentialAction":[{"@type":"ReadAction","target":["https:\/\/proturcars.com\/fr\/enregistrement\/"]}]},{"@type":"ImageObject","inLanguage":"fr-FR","@id":"https:\/\/proturcars.com\/fr\/enregistrement\/#primaryimage","url":"https:\/\/proturcars.com\/wp-content\/uploads\/2024\/11\/registrate-en-protur-cars-alquiler-de-coches-en-mallorca.jpg","contentUrl":"https:\/\/proturcars.com\/wp-content\/uploads\/2024\/11\/registrate-en-protur-cars-alquiler-de-coches-en-mallorca.jpg","width":1380,"height":920,"caption":"Registro en Protur Cars - Alquiler de coches en Mallorca"},{"@type":"BreadcrumbList","@id":"https:\/\/proturcars.com\/fr\/enregistrement\/#breadcrumb","itemListElement":[{"@type":"ListItem","position":1,"name":"Portada","item":"https:\/\/proturcars.com\/fr\/"},{"@type":"ListItem","position":2,"name":"Enregistrement"}]},{"@type":"WebSite","@id":"https:\/\/proturcars.com\/fr\/#website","url":"https:\/\/proturcars.com\/fr\/","name":"Alquiler de Coches en Cala Millor, Sa Coma y Cala Bona","description":"Alquila coches en Cala Millor, Sa Coma, Cala Bona y S'Illot. Seguro sin franquicia, asistencia 24\/7 y kil&oacute;metros ilimitados","publisher":{"@id":"https:\/\/proturcars.com\/fr\/#organization"},"alternateName":"Alquiler de Coches en Cala Millor, Sa Coma y Cala Bona","potentialAction":[{"@type":"SearchAction","target":{"@type":"EntryPoint","urlTemplate":"https:\/\/proturcars.com\/fr\/?s={search_term_string}"},"query-input":{"@type":"PropertyValueSpecification","valueRequired":true,"valueName":"search_term_string"}}],"inLanguage":"fr-FR"},{"@type":"Organization","@id":"https:\/\/proturcars.com\/fr\/#organization","name":"Protur Cars alquiler de coches en Cala Millor, Sa Coma y Cala Bona","alternateName":"Protur Cars alquiler de coches","url":"https:\/\/proturcars.com\/fr\/","logo":{"@type":"ImageObject","inLanguage":"fr-FR","@id":"https:\/\/proturcars.com\/fr\/#\/schema\/logo\/image\/","url":"https:\/\/proturcars.com\/wp-content\/uploads\/2024\/10\/cropped-proturcars-logo.webp","contentUrl":"https:\/\/proturcars.com\/wp-content\/uploads\/2024\/10\/cropped-proturcars-logo.webp","width":500,"height":194,"caption":"Protur Cars alquiler de coches en Cala Millor, Sa Coma y Cala Bona"},"image":{"@id":"https:\/\/proturcars.com\/fr\/#\/schema\/logo\/image\/"}}]}},"_links":{"self":[{"href":"https:\/\/proturcars.com\/fr\/wp-json\/wp\/v2\/pages\/3268","targetHints":{"allow":["GET"]}}],"collection":[{"href":"https:\/\/proturcars.com\/fr\/wp-json\/wp\/v2\/pages"}],"about":[{"href":"https:\/\/proturcars.com\/fr\/wp-json\/wp\/v2\/types\/page"}],"author":[{"embeddable":true,"href":"https:\/\/proturcars.com\/fr\/wp-json\/wp\/v2\/users\/1"}],"replies":[{"embeddable":true,"href":"https:\/\/proturcars.com\/fr\/wp-json\/wp\/v2\/comments?post=3268"}],"version-history":[{"count":0,"href":"https:\/\/proturcars.com\/fr\/wp-json\/wp\/v2\/pages\/3268\/revisions"}],"wp:featuredmedia":[{"embeddable":true,"href":"https:\/\/proturcars.com\/fr\/wp-json\/wp\/v2\/media\/3824"}],"wp:attachment":[{"href":"https:\/\/proturcars.com\/fr\/wp-json\/wp\/v2\/media?parent=3268"}],"curies":[{"name":"wp","href":"https:\/\/api.w.org\/{rel}","templated":true}]}}