{"id":3301,"date":"2024-10-07T07:55:36","date_gmt":"2024-10-07T07:55:36","guid":{"rendered":"https:\/\/proturcars.com\/CARS\/confirmacion-de-reserva-paga-en-la-agencia\/"},"modified":"2025-10-07T08:05:17","modified_gmt":"2025-10-07T08:05:17","slug":"confirmation-de-reservation-payez-a-lagence","status":"publish","type":"page","link":"https:\/\/proturcars.com\/fr\/confirmation-de-reservation-payez-a-lagence\/","title":{"rendered":"Confirmation de r\u00e9servation &#8211; Payez \u00e0 l&rsquo;agence"},"content":{"rendered":"\t\t<div data-elementor-type=\"wp-page\" data-elementor-id=\"3301\" class=\"elementor elementor-3301 elementor-520\" data-elementor-post-type=\"page\">\n\t\t\t\t\t\t<section class=\"elementor-section elementor-top-section elementor-element elementor-element-0d49862 elementor-section-full_width elementor-section-height-default elementor-section-height-default\" data-id=\"0d49862\" data-element_type=\"section\" data-e-type=\"section\">\n\t\t\t\t\t\t<div class=\"elementor-container elementor-column-gap-no\">\n\t\t\t\t\t<div class=\"elementor-column elementor-col-100 elementor-top-column elementor-element elementor-element-bd151e6\" data-id=\"bd151e6\" data-element_type=\"column\" data-e-type=\"column\">\n\t\t\t<div class=\"elementor-widget-wrap elementor-element-populated\">\n\t\t\t\t\t\t<div class=\"elementor-element elementor-element-cc603cf elementor-widget elementor-widget-spacer\" data-id=\"cc603cf\" data-element_type=\"widget\" data-e-type=\"widget\" data-widget_type=\"spacer.default\">\n\t\t\t\t<div class=\"elementor-widget-container\">\n\t\t\t\t\t\t\t<div class=\"elementor-spacer\">\n\t\t\t<div class=\"elementor-spacer-inner\"><\/div>\n\t\t<\/div>\n\t\t\t\t\t\t<\/div>\n\t\t\t\t<\/div>\n\t\t\t\t\t<\/div>\n\t\t<\/div>\n\t\t\t\t\t<\/div>\n\t\t<\/section>\n\t\t\t\t<section class=\"elementor-section elementor-top-section elementor-element elementor-element-aea16df elementor-section-boxed elementor-section-height-default elementor-section-height-default\" data-id=\"aea16df\" data-element_type=\"section\" data-e-type=\"section\">\n\t\t\t\t\t\t<div class=\"elementor-container elementor-column-gap-default\">\n\t\t\t\t\t<div class=\"elementor-column elementor-col-100 elementor-top-column elementor-element elementor-element-71a9193\" data-id=\"71a9193\" data-element_type=\"column\" data-e-type=\"column\">\n\t\t\t<div class=\"elementor-widget-wrap elementor-element-populated\">\n\t\t\t\t\t\t<div class=\"elementor-element elementor-element-d4394c1 elementor-widget elementor-widget-heading\" data-id=\"d4394c1\" data-element_type=\"widget\" data-e-type=\"widget\" data-widget_type=\"heading.default\">\n\t\t\t\t<div class=\"elementor-widget-container\">\n\t\t\t\t\t<h2 class=\"elementor-heading-title elementor-size-default\">Paiement effectu\u00e9 avec succ\u00e8s.<\/h2>\t\t\t\t<\/div>\n\t\t\t\t<\/div>\n\t\t\t\t<div class=\"elementor-element elementor-element-5e0e07f elementor-widget elementor-widget-text-editor\" data-id=\"5e0e07f\" data-element_type=\"widget\" data-e-type=\"widget\" data-widget_type=\"text-editor.default\">\n\t\t\t\t<div class=\"elementor-widget-container\">\n\t\t\t\t\t\t\t\t\t<p>Merci d&rsquo;avoir effectu\u00e9 votre r\u00e9servation avec Protur Cars. Votre paiement a \u00e9t\u00e9 trait\u00e9 avec succ\u00e8s et nous avons envoy\u00e9 une confirmation de votre r\u00e9servation \u00e0 votre adresse e-mail. Vous devriez la recevoir sous peu dans votre bo\u00eete de r\u00e9ception.<\/p><p>Si vous ne trouvez pas l&rsquo;e-mail dans votre bo\u00eete de r\u00e9ception, nous vous sugg\u00e9rons de v\u00e9rifier le dossier Spam ou Courrier ind\u00e9sirable, car il arrive parfois que les e-mails y arrivent. Si vous ne trouvez toujours pas la confirmation, n&rsquo;h\u00e9sitez pas \u00e0 contacter notre \u00e9quipe du service client, nous serons heureux de vous aider.<\/p><p>Nous vous remercions d&rsquo;avoir choisi Protur Cars. Nous esp\u00e9rons que vous appr\u00e9cierez votre exp\u00e9rience avec nous !<\/p>\t\t\t\t\t\t\t\t<\/div>\n\t\t\t\t<\/div>\n\t\t\t\t\t<\/div>\n\t\t<\/div>\n\t\t\t\t\t<\/div>\n\t\t<\/section>\n\t\t\t\t<section class=\"elementor-section elementor-top-section elementor-element elementor-element-be4b5ef elementor-section-full_width elementor-section-height-default elementor-section-height-default\" data-id=\"be4b5ef\" data-element_type=\"section\" data-e-type=\"section\">\n\t\t\t\t\t\t<div class=\"elementor-container elementor-column-gap-no\">\n\t\t\t\t\t<div class=\"elementor-column elementor-col-100 elementor-top-column elementor-element elementor-element-abc56b1\" data-id=\"abc56b1\" data-element_type=\"column\" data-e-type=\"column\">\n\t\t\t<div class=\"elementor-widget-wrap elementor-element-populated\">\n\t\t\t\t\t\t<div class=\"elementor-element elementor-element-8eef8f3 elementor-widget elementor-widget-spacer\" data-id=\"8eef8f3\" data-element_type=\"widget\" data-e-type=\"widget\" data-widget_type=\"spacer.default\">\n\t\t\t\t<div class=\"elementor-widget-container\">\n\t\t\t\t\t\t\t<div class=\"elementor-spacer\">\n\t\t\t<div class=\"elementor-spacer-inner\"><\/div>\n\t\t<\/div>\n\t\t\t\t\t\t<\/div>\n\t\t\t\t<\/div>\n\t\t\t\t\t<\/div>\n\t\t<\/div>\n\t\t\t\t\t<\/div>\n\t\t<\/section>\n\t\t\t\t<section class=\"elementor-section elementor-top-section elementor-element elementor-element-7b0ab70 elementor-section-boxed elementor-section-height-default elementor-section-height-default\" data-id=\"7b0ab70\" data-element_type=\"section\" data-e-type=\"section\">\n\t\t\t\t\t\t<div class=\"elementor-container elementor-column-gap-default\">\n\t\t\t\t\t<div class=\"elementor-column elementor-col-100 elementor-top-column elementor-element elementor-element-22e0f8d\" data-id=\"22e0f8d\" data-element_type=\"column\" data-e-type=\"column\">\n\t\t\t<div class=\"elementor-widget-wrap elementor-element-populated\">\n\t\t\t\t\t\t<div class=\"elementor-element elementor-element-97122b9 elementor-widget elementor-widget-text-editor\" data-id=\"97122b9\" data-element_type=\"widget\" data-e-type=\"widget\" data-widget_type=\"text-editor.default\">\n\t\t\t\t<div class=\"elementor-widget-container\">\n\t\t\t\t\t\t\t\t\t<div><p><span style=\"font-weight: bolder;\">D\u00e9tails de la r\u00e9servation :<\/span><\/p><ul style=\"background-color: #ffffff;\"><li style=\"font-size: 22px;\">Livraison du v\u00e9hicule : $starting_date<\/li><li style=\"font-size: 22px;\">Lieu de livraison : $place_from<\/li><li style=\"font-size: 22px;\">Retour du v\u00e9hicule : $ending_date<\/li><li style=\"font-size: 22px;\">Lieu de retour : $place_to<\/li><li style=\"font-size: 22px;\">Prix : $total_cost<\/li><li>Paiement en attente : $to_be_paid<\/li><li style=\"font-size: 22px;\">Code de r\u00e9servation : $booking_code<\/li><li style=\"font-size: 22px;\">Mod\u00e8le du v\u00e9hicule : $car_model<\/li><\/ul><\/div>\t\t\t\t\t\t\t\t<\/div>\n\t\t\t\t<\/div>\n\t\t\t\t\t<\/div>\n\t\t<\/div>\n\t\t\t\t\t<\/div>\n\t\t<\/section>\n\t\t\t\t<section class=\"elementor-section elementor-top-section elementor-element elementor-element-ef37735 elementor-section-full_width elementor-section-height-default elementor-section-height-default\" data-id=\"ef37735\" data-element_type=\"section\" data-e-type=\"section\">\n\t\t\t\t\t\t<div class=\"elementor-container elementor-column-gap-no\">\n\t\t\t\t\t<div class=\"elementor-column elementor-col-100 elementor-top-column elementor-element elementor-element-8776403\" data-id=\"8776403\" data-element_type=\"column\" data-e-type=\"column\">\n\t\t\t<div class=\"elementor-widget-wrap elementor-element-populated\">\n\t\t\t\t\t\t<div class=\"elementor-element elementor-element-9e8565e elementor-widget elementor-widget-spacer\" data-id=\"9e8565e\" data-element_type=\"widget\" data-e-type=\"widget\" data-widget_type=\"spacer.default\">\n\t\t\t\t<div class=\"elementor-widget-container\">\n\t\t\t\t\t\t\t<div class=\"elementor-spacer\">\n\t\t\t<div class=\"elementor-spacer-inner\"><\/div>\n\t\t<\/div>\n\t\t\t\t\t\t<\/div>\n\t\t\t\t<\/div>\n\t\t\t\t\t<\/div>\n\t\t<\/div>\n\t\t\t\t\t<\/div>\n\t\t<\/section>\n\t\t\t\t<section class=\"elementor-section elementor-top-section elementor-element elementor-element-1e98138 elementor-section-boxed elementor-section-height-default elementor-section-height-default\" data-id=\"1e98138\" data-element_type=\"section\" data-e-type=\"section\">\n\t\t\t\t\t\t<div class=\"elementor-container elementor-column-gap-default\">\n\t\t\t\t\t<div class=\"elementor-column elementor-col-100 elementor-top-column elementor-element elementor-element-7eef5a4\" data-id=\"7eef5a4\" data-element_type=\"column\" data-e-type=\"column\">\n\t\t\t<div class=\"elementor-widget-wrap\">\n\t\t\t\t\t\t\t<\/div>\n\t\t<\/div>\n\t\t\t\t\t<\/div>\n\t\t<\/section>\n\t\t\t\t<section class=\"elementor-section elementor-top-section elementor-element elementor-element-b909c57 elementor-section-full_width elementor-section-height-default elementor-section-height-default\" data-id=\"b909c57\" data-element_type=\"section\" data-e-type=\"section\">\n\t\t\t\t\t\t<div class=\"elementor-container elementor-column-gap-no\">\n\t\t\t\t\t<div class=\"elementor-column elementor-col-100 elementor-top-column elementor-element elementor-element-39fcda2\" data-id=\"39fcda2\" data-element_type=\"column\" data-e-type=\"column\">\n\t\t\t<div class=\"elementor-widget-wrap elementor-element-populated\">\n\t\t\t\t\t\t<div class=\"elementor-element elementor-element-510283a elementor-widget elementor-widget-spacer\" data-id=\"510283a\" data-element_type=\"widget\" data-e-type=\"widget\" data-widget_type=\"spacer.default\">\n\t\t\t\t<div class=\"elementor-widget-container\">\n\t\t\t\t\t\t\t<div class=\"elementor-spacer\">\n\t\t\t<div class=\"elementor-spacer-inner\"><\/div>\n\t\t<\/div>\n\t\t\t\t\t\t<\/div>\n\t\t\t\t<\/div>\n\t\t\t\t<div class=\"elementor-element elementor-element-71f5942 elementor-widget elementor-widget-html\" data-id=\"71f5942\" data-element_type=\"widget\" data-e-type=\"widget\" data-widget_type=\"html.default\">\n\t\t\t\t<div class=\"elementor-widget-container\">\n\t\t\t\t\t<script>\r\n  \/\/ \"$total_cost\" puede venir como \"92,42\" o \"1.234,56\"\r\n  var _raw = \"$total_cost\";\r\n  function toNumber(s){\r\n    s = String(s).replace(\/[^\\d,.\\-]\/g,'');\r\n    if (s.indexOf(',')>-1 && s.indexOf('.')>-1) s = s.replace(\/\\.\/g,'').replace(',', '.');\r\n    else if (s.indexOf(',')>-1) s = s.replace(',', '.');\r\n    var n = Number(s);\r\n    return isFinite(n) ? Math.round(n*100)\/100 : 0;\r\n  }\r\n  var _v = toNumber(_raw);\r\n\r\n  window.dataLayer = window.dataLayer || [];\r\n  window.dataLayer.push({ ecommerce: null });\r\n  window.dataLayer.push({\r\n    event: 'purchase',\r\n    ecommerce: {\r\n      transaction_id: \"$booking_code$\",\r\n      affiliation: \"$place_from\",\r\n      value: _v,\r\n      currency: 'EUR',\r\n      items: [{\r\n        item_name: \"$car_model\",\r\n        quantity: 1,\r\n        price: _v\r\n      }]\r\n    }\r\n  });\r\n<\/script>\r\n\t\t\t\t<\/div>\n\t\t\t\t<\/div>\n\t\t\t\t\t<\/div>\n\t\t<\/div>\n\t\t\t\t\t<\/div>\n\t\t<\/section>\n\t\t\t\t<\/div>\n\t\t","protected":false},"excerpt":{"rendered":"<p>Paiement effectu\u00e9 avec succ\u00e8s. Merci d&rsquo;avoir effectu\u00e9 votre r\u00e9servation avec Protur Cars. Votre paiement a \u00e9t\u00e9 trait\u00e9 avec succ\u00e8s et nous avons envoy\u00e9 une confirmation de votre r\u00e9servation \u00e0 votre adresse e-mail. Vous devriez la recevoir sous peu dans votre bo\u00eete de r\u00e9ception. Si vous ne trouvez pas l&rsquo;e-mail dans votre bo\u00eete de r\u00e9ception, nous [&hellip;]<\/p>\n","protected":false},"author":1,"featured_media":0,"parent":0,"menu_order":0,"comment_status":"closed","ping_status":"closed","template":"","meta":{"footnotes":""},"class_list":["post-3301","page","type-page","status-publish","hentry"],"yoast_head":"<!-- This site is optimized with the Yoast SEO plugin v27.4 - https:\/\/yoast.com\/product\/yoast-seo-wordpress\/ -->\n<title>Confirmation de r\u00e9servation - Payez \u00e0 l&#039;agence | Protur Cars<\/title>\n<meta name=\"description\" content=\"R\u00e9servation confirm\u00e9e chez Protur Cars. Payez confortablement dans notre bureau lors de la r\u00e9cup\u00e9ration de votre voiture.\" \/>\n<meta name=\"robots\" content=\"index, follow, max-snippet:-1, max-image-preview:large, max-video-preview:-1\" \/>\n<link rel=\"canonical\" href=\"https:\/\/proturcars.com\/fr\/confirmation-de-reservation-payez-a-lagence\/\" \/>\n<meta property=\"og:locale\" content=\"fr_FR\" \/>\n<meta property=\"og:type\" content=\"article\" \/>\n<meta property=\"og:title\" content=\"Confirmation de r\u00e9servation - Payez \u00e0 l&#039;agence | Protur Cars\" \/>\n<meta property=\"og:description\" content=\"R\u00e9servation confirm\u00e9e chez Protur Cars. Payez confortablement dans notre bureau lors de la r\u00e9cup\u00e9ration de votre voiture.\" \/>\n<meta property=\"og:url\" content=\"https:\/\/proturcars.com\/fr\/confirmation-de-reservation-payez-a-lagence\/\" \/>\n<meta property=\"og:site_name\" content=\"Alquiler de Coches en Cala Millor, Sa Coma y Cala Bona\" \/>\n<meta property=\"article:modified_time\" content=\"2025-10-07T08:05:17+00:00\" \/>\n<meta property=\"og:image\" content=\"https:\/\/proturcars.com\/wp-content\/uploads\/2024\/11\/protur-cars.jpg\" \/>\n\t<meta property=\"og:image:width\" content=\"1200\" \/>\n\t<meta property=\"og:image:height\" content=\"675\" \/>\n\t<meta property=\"og:image:type\" content=\"image\/jpeg\" \/>\n<meta name=\"twitter:card\" content=\"summary_large_image\" \/>\n<meta name=\"twitter:label1\" content=\"Dur\u00e9e de lecture estim\u00e9e\" \/>\n\t<meta name=\"twitter:data1\" content=\"1 minute\" \/>\n<script type=\"application\/ld+json\" class=\"yoast-schema-graph\">{\"@context\":\"https:\\\/\\\/schema.org\",\"@graph\":[{\"@type\":\"WebPage\",\"@id\":\"https:\\\/\\\/proturcars.com\\\/fr\\\/confirmation-de-reservation-payez-a-lagence\\\/\",\"url\":\"https:\\\/\\\/proturcars.com\\\/fr\\\/confirmation-de-reservation-payez-a-lagence\\\/\",\"name\":\"Confirmation de r\u00e9servation - Payez \u00e0 l'agence | Protur Cars\",\"isPartOf\":{\"@id\":\"https:\\\/\\\/proturcars.com\\\/fr\\\/#website\"},\"datePublished\":\"2024-10-07T07:55:36+00:00\",\"dateModified\":\"2025-10-07T08:05:17+00:00\",\"description\":\"R\u00e9servation confirm\u00e9e chez Protur Cars. Payez confortablement dans notre bureau lors de la r\u00e9cup\u00e9ration de votre voiture.\",\"breadcrumb\":{\"@id\":\"https:\\\/\\\/proturcars.com\\\/fr\\\/confirmation-de-reservation-payez-a-lagence\\\/#breadcrumb\"},\"inLanguage\":\"fr-FR\",\"potentialAction\":[{\"@type\":\"ReadAction\",\"target\":[\"https:\\\/\\\/proturcars.com\\\/fr\\\/confirmation-de-reservation-payez-a-lagence\\\/\"]}]},{\"@type\":\"BreadcrumbList\",\"@id\":\"https:\\\/\\\/proturcars.com\\\/fr\\\/confirmation-de-reservation-payez-a-lagence\\\/#breadcrumb\",\"itemListElement\":[{\"@type\":\"ListItem\",\"position\":1,\"name\":\"Portada\",\"item\":\"https:\\\/\\\/proturcars.com\\\/fr\\\/\"},{\"@type\":\"ListItem\",\"position\":2,\"name\":\"Confirmation de r\u00e9servation &#8211; Payez \u00e0 l&#8217;agence\"}]},{\"@type\":\"WebSite\",\"@id\":\"https:\\\/\\\/proturcars.com\\\/fr\\\/#website\",\"url\":\"https:\\\/\\\/proturcars.com\\\/fr\\\/\",\"name\":\"Alquiler de Coches en Cala Millor, Sa Coma y Cala Bona\",\"description\":\"Alquila coches en Cala Millor, Sa Coma, Cala Bona y S'Illot. Seguro sin franquicia, asistencia 24\\\/7 y kil&oacute;metros ilimitados\",\"publisher\":{\"@id\":\"https:\\\/\\\/proturcars.com\\\/fr\\\/#organization\"},\"alternateName\":\"Alquiler de Coches en Cala Millor, Sa Coma y Cala Bona\",\"potentialAction\":[{\"@type\":\"SearchAction\",\"target\":{\"@type\":\"EntryPoint\",\"urlTemplate\":\"https:\\\/\\\/proturcars.com\\\/fr\\\/?s={search_term_string}\"},\"query-input\":{\"@type\":\"PropertyValueSpecification\",\"valueRequired\":true,\"valueName\":\"search_term_string\"}}],\"inLanguage\":\"fr-FR\"},{\"@type\":\"Organization\",\"@id\":\"https:\\\/\\\/proturcars.com\\\/fr\\\/#organization\",\"name\":\"Protur Cars alquiler de coches en Cala Millor, Sa Coma y Cala Bona\",\"alternateName\":\"Protur Cars alquiler de coches\",\"url\":\"https:\\\/\\\/proturcars.com\\\/fr\\\/\",\"logo\":{\"@type\":\"ImageObject\",\"inLanguage\":\"fr-FR\",\"@id\":\"https:\\\/\\\/proturcars.com\\\/fr\\\/#\\\/schema\\\/logo\\\/image\\\/\",\"url\":\"https:\\\/\\\/proturcars.com\\\/wp-content\\\/uploads\\\/2024\\\/10\\\/cropped-proturcars-logo.webp\",\"contentUrl\":\"https:\\\/\\\/proturcars.com\\\/wp-content\\\/uploads\\\/2024\\\/10\\\/cropped-proturcars-logo.webp\",\"width\":500,\"height\":194,\"caption\":\"Protur Cars alquiler de coches en Cala Millor, Sa Coma y Cala Bona\"},\"image\":{\"@id\":\"https:\\\/\\\/proturcars.com\\\/fr\\\/#\\\/schema\\\/logo\\\/image\\\/\"}}]}<\/script>\n<!-- \/ Yoast SEO plugin. -->","yoast_head_json":{"title":"Confirmation de r\u00e9servation - Payez \u00e0 l'agence | Protur Cars","description":"R\u00e9servation confirm\u00e9e chez Protur Cars. Payez confortablement dans notre bureau lors de la r\u00e9cup\u00e9ration de votre voiture.","robots":{"index":"index","follow":"follow","max-snippet":"max-snippet:-1","max-image-preview":"max-image-preview:large","max-video-preview":"max-video-preview:-1"},"canonical":"https:\/\/proturcars.com\/fr\/confirmation-de-reservation-payez-a-lagence\/","og_locale":"fr_FR","og_type":"article","og_title":"Confirmation de r\u00e9servation - Payez \u00e0 l'agence | Protur Cars","og_description":"R\u00e9servation confirm\u00e9e chez Protur Cars. Payez confortablement dans notre bureau lors de la r\u00e9cup\u00e9ration de votre voiture.","og_url":"https:\/\/proturcars.com\/fr\/confirmation-de-reservation-payez-a-lagence\/","og_site_name":"Alquiler de Coches en Cala Millor, Sa Coma y Cala Bona","article_modified_time":"2025-10-07T08:05:17+00:00","og_image":[{"width":1200,"height":675,"url":"https:\/\/proturcars.com\/wp-content\/uploads\/2024\/11\/protur-cars.jpg","type":"image\/jpeg"}],"twitter_card":"summary_large_image","twitter_misc":{"Dur\u00e9e de lecture estim\u00e9e":"1 minute"},"schema":{"@context":"https:\/\/schema.org","@graph":[{"@type":"WebPage","@id":"https:\/\/proturcars.com\/fr\/confirmation-de-reservation-payez-a-lagence\/","url":"https:\/\/proturcars.com\/fr\/confirmation-de-reservation-payez-a-lagence\/","name":"Confirmation de r\u00e9servation - Payez \u00e0 l'agence | Protur Cars","isPartOf":{"@id":"https:\/\/proturcars.com\/fr\/#website"},"datePublished":"2024-10-07T07:55:36+00:00","dateModified":"2025-10-07T08:05:17+00:00","description":"R\u00e9servation confirm\u00e9e chez Protur Cars. Payez confortablement dans notre bureau lors de la r\u00e9cup\u00e9ration de votre voiture.","breadcrumb":{"@id":"https:\/\/proturcars.com\/fr\/confirmation-de-reservation-payez-a-lagence\/#breadcrumb"},"inLanguage":"fr-FR","potentialAction":[{"@type":"ReadAction","target":["https:\/\/proturcars.com\/fr\/confirmation-de-reservation-payez-a-lagence\/"]}]},{"@type":"BreadcrumbList","@id":"https:\/\/proturcars.com\/fr\/confirmation-de-reservation-payez-a-lagence\/#breadcrumb","itemListElement":[{"@type":"ListItem","position":1,"name":"Portada","item":"https:\/\/proturcars.com\/fr\/"},{"@type":"ListItem","position":2,"name":"Confirmation de r\u00e9servation &#8211; Payez \u00e0 l&#8217;agence"}]},{"@type":"WebSite","@id":"https:\/\/proturcars.com\/fr\/#website","url":"https:\/\/proturcars.com\/fr\/","name":"Alquiler de Coches en Cala Millor, Sa Coma y Cala Bona","description":"Alquila coches en Cala Millor, Sa Coma, Cala Bona y S'Illot. Seguro sin franquicia, asistencia 24\/7 y kil&oacute;metros ilimitados","publisher":{"@id":"https:\/\/proturcars.com\/fr\/#organization"},"alternateName":"Alquiler de Coches en Cala Millor, Sa Coma y Cala Bona","potentialAction":[{"@type":"SearchAction","target":{"@type":"EntryPoint","urlTemplate":"https:\/\/proturcars.com\/fr\/?s={search_term_string}"},"query-input":{"@type":"PropertyValueSpecification","valueRequired":true,"valueName":"search_term_string"}}],"inLanguage":"fr-FR"},{"@type":"Organization","@id":"https:\/\/proturcars.com\/fr\/#organization","name":"Protur Cars alquiler de coches en Cala Millor, Sa Coma y Cala Bona","alternateName":"Protur Cars alquiler de coches","url":"https:\/\/proturcars.com\/fr\/","logo":{"@type":"ImageObject","inLanguage":"fr-FR","@id":"https:\/\/proturcars.com\/fr\/#\/schema\/logo\/image\/","url":"https:\/\/proturcars.com\/wp-content\/uploads\/2024\/10\/cropped-proturcars-logo.webp","contentUrl":"https:\/\/proturcars.com\/wp-content\/uploads\/2024\/10\/cropped-proturcars-logo.webp","width":500,"height":194,"caption":"Protur Cars alquiler de coches en Cala Millor, Sa Coma y Cala Bona"},"image":{"@id":"https:\/\/proturcars.com\/fr\/#\/schema\/logo\/image\/"}}]}},"_links":{"self":[{"href":"https:\/\/proturcars.com\/fr\/wp-json\/wp\/v2\/pages\/3301","targetHints":{"allow":["GET"]}}],"collection":[{"href":"https:\/\/proturcars.com\/fr\/wp-json\/wp\/v2\/pages"}],"about":[{"href":"https:\/\/proturcars.com\/fr\/wp-json\/wp\/v2\/types\/page"}],"author":[{"embeddable":true,"href":"https:\/\/proturcars.com\/fr\/wp-json\/wp\/v2\/users\/1"}],"replies":[{"embeddable":true,"href":"https:\/\/proturcars.com\/fr\/wp-json\/wp\/v2\/comments?post=3301"}],"version-history":[{"count":12,"href":"https:\/\/proturcars.com\/fr\/wp-json\/wp\/v2\/pages\/3301\/revisions"}],"predecessor-version":[{"id":6663,"href":"https:\/\/proturcars.com\/fr\/wp-json\/wp\/v2\/pages\/3301\/revisions\/6663"}],"wp:attachment":[{"href":"https:\/\/proturcars.com\/fr\/wp-json\/wp\/v2\/media?parent=3301"}],"curies":[{"name":"wp","href":"https:\/\/api.w.org\/{rel}","templated":true}]}}